





















{"id":945,"date":"2025-01-21T19:05:37","date_gmt":"2025-01-21T19:05:37","guid":{"rendered":"https:\/\/stribrsky.eu\/?page_id=945"},"modified":"2025-02-16T10:39:59","modified_gmt":"2025-02-16T10:39:59","slug":"montaz-kuchyne","status":"publish","type":"page","link":"https:\/\/stribrsky.eu\/en\/projekty\/montaz-kuchyne\/","title":{"rendered":"Kitchen fitting"},"content":{"rendered":"<div class=\"wpb-content-wrapper\"><div data-vc-full-width=\"true\" data-vc-full-width-init=\"false\" class=\"vc_row wpb_row vc_row-fluid vc_custom_1737574194292 vc_row-has-fill sc_layouts_row sc_layouts_row_type_normal sc_layouts_hide_on_frontpage scheme_dark\"><div class=\"wpb_column vc_column_container vc_col-sm-12 sc_layouts_column sc_layouts_column_align_center sc_layouts_column_icons_position_left\"><div class=\"vc_column-inner\"><div class=\"wpb_wrapper\">\n\t<div class=\"wpb_text_column wpb_content_element\" >\n\t\t<div class=\"wpb_wrapper\">\n\t\t\t<div id=\"sc_content_884651936\"\n\t\tclass=\"sc_content color_style_default sc_content_default sc_content_width_1_1 sc_float_center\"><div class=\"sc_content_container\"><div id=\"sc_layouts_title_2115640406\" class=\"sc_layouts_title with_content sc_align_left\"><div class=\"sc_layouts_title_content\"><div class=\"sc_layouts_title_breadcrumbs\"><div class=\"breadcrumbs\"><a class=\"breadcrumbs_item home\" href=\"https:\/\/stribrsky.eu\/en\/\">Home<\/a><span class=\"breadcrumbs_delimiter\"><\/span><span class=\"breadcrumbs_item current\">Kitchen fitting<\/span><\/div><\/div><div class=\"sc_layouts_title_title\">\t\t\t\t\t\t\t<h1 class=\"sc_layouts_title_caption\">Kitchen fitting<\/h1>\n\t\t\t\t\t\t\t<\/div><\/div><!-- .sc_layouts_title_content --><\/div><!-- \/.sc_layouts_title --><\/div><\/div><!-- \/.sc_content -->\n\n\t\t<\/div>\n\t<\/div>\n<\/div><\/div><\/div><\/div><div class=\"vc_row-full-width vc_clearfix\"><\/div><div class=\"vc_row wpb_row vc_row-fluid vc_column-gap-20 vc_row-o-content-middle vc_row-flex\"><div class=\"wpb_column vc_column_container vc_col-sm-6 sc_layouts_column_icons_position_left\"><div class=\"vc_column-inner\"><div class=\"wpb_wrapper\">\n\t<div  class=\"wpb_single_image wpb_content_element vc_align_center wpb_content_element\">\n\t\t\n\t\t<figure class=\"wpb_wrapper vc_figure\">\n\t\t\t<div class=\"vc_single_image-wrapper   vc_box_border_grey\"><img decoding=\"async\" width=\"761\" height=\"664\" data-src=\"https:\/\/stribrsky.eu\/wp-content\/uploads\/2025\/01\/Montaz-kuchyne.png\" class=\"vc_single_image-img attachment-full lazyload\" alt=\"\" title=\"Kitchen fitting\" data-srcset=\"https:\/\/stribrsky.eu\/wp-content\/uploads\/2025\/01\/Montaz-kuchyne.png 761w, https:\/\/stribrsky.eu\/wp-content\/uploads\/2025\/01\/Montaz-kuchyne-300x262.png 300w, https:\/\/stribrsky.eu\/wp-content\/uploads\/2025\/01\/Montaz-kuchyne-370x323.png 370w\" data-sizes=\"(max-width: 761px) 100vw, 761px\" src=\"data:image\/gif;base64,R0lGODlhAQABAAAAACH5BAEKAAEALAAAAAABAAEAAAICTAEAOw==\" style=\"--smush-placeholder-width: 761px; --smush-placeholder-aspect-ratio: 761\/664;\" \/><\/div>\n\t\t<\/figure>\n\t<\/div>\n<\/div><\/div><\/div><div class=\"wpb_column vc_column_container vc_col-sm-6 sc_layouts_column_icons_position_left\"><div class=\"vc_column-inner vc_custom_1737485456501\"><div class=\"wpb_wrapper\"><div id=\"sc_title_2021840741\"\n\t\tclass=\"sc_title color_style_default sc_title_default\"><h5 class=\"sc_item_title sc_title_title sc_align_left sc_item_title_style_default sc_item_title_tag\">Kitchen fitting<\/h5><\/div><!-- \/.sc_title -->\n\t<div class=\"wpb_text_column wpb_content_element\" >\n\t\t<div class=\"wpb_wrapper\">\n\t\t\t<p><strong>Kitchen<\/strong><\/p>\n\n\t\t<\/div>\n\t<\/div>\n<div class=\"vc_empty_space  height_tiny\"   style=\"height: 12px\"><span class=\"vc_empty_space_inner\"><\/span><\/div>\n\t<div class=\"wpb_text_column wpb_content_element\" >\n\t\t<div class=\"wpb_wrapper\">\n\t\t\t<p>As part of this project, a complete kitchen unit assembly was carried out, including the installation of all cabinets, worktops, and appliances. Emphasis was placed on precision workmanship to ensure the resulting kitchen was not only aesthetically pleasing but also fully functional. The assembly also included the connection of water, electricity, and waste, thereby ensuring the space was fully prepared for everyday use.<\/p>\n\n\t\t<\/div>\n\t<\/div>\n<div class=\"vc_empty_space  height_small\"   style=\"height: 32px\"><span class=\"vc_empty_space_inner\"><\/span><\/div><a href=\"\/en\/kontakt\/\" id=\"sc_button_36591547\" class=\"sc_button color_style_default sc_button_simple_line sc_button_size_normal sc_button_icon_left\"><span class=\"sc_button_text\"><span class=\"sc_button_title\">Enquiry<\/span><\/span><!-- \/.sc_button_text --><\/a><!-- \/.sc_button --><\/div><\/div><\/div><\/div><div class=\"vc_row wpb_row vc_row-fluid vc_custom_1737485975884\"><div class=\"wpb_column vc_column_container vc_col-sm-12 sc_layouts_column_icons_position_left\"><div class=\"vc_column-inner\"><div class=\"wpb_wrapper\">\n<div class=\"vc_grid-container-wrapper vc_clearfix vc_grid-animation-fadeIn\">\n\t<div class=\"vc_grid-container vc_clearfix wpb_content_element vc_media_grid\" data-initial-loading-animation=\"fadeIn\" data-vc-grid-settings=\"{&quot;page_id&quot;:945,&quot;style&quot;:&quot;pagination&quot;,&quot;action&quot;:&quot;vc_get_vc_grid_data&quot;,&quot;shortcode_id&quot;:&quot;1739702358911-7cda10d367212a0c9691156d9b52a7ec-4&quot;,&quot;items_per_page&quot;:&quot;9&quot;,&quot;auto_play&quot;:false,&quot;gap&quot;:5,&quot;speed&quot;:-1000,&quot;loop&quot;:&quot;&quot;,&quot;animation_in&quot;:&quot;&quot;,&quot;animation_out&quot;:&quot;&quot;,&quot;arrows_design&quot;:&quot;none&quot;,&quot;arrows_color&quot;:&quot;blue&quot;,&quot;arrows_position&quot;:&quot;inside&quot;,&quot;paging_design&quot;:&quot;point_dots&quot;,&quot;paging_color&quot;:&quot;black&quot;,&quot;tag&quot;:&quot;vc_media_grid&quot;}\" data-vc-request=\"https:\/\/stribrsky.eu\/wp-admin\/admin-ajax.php\" data-vc-post-id=\"945\" data-vc-public-nonce=\"7e317a8db2\">\n\t\t\n\t<\/div>\n<\/div><\/div><\/div><\/div><\/div>\n<\/div>","protected":false},"excerpt":{"rendered":"HomeMont\u00e1\u017e kuchyn\u011b Mont\u00e1\u017e kuchyn\u011b Mont\u00e1\u017e kuchyn\u011b Kuchyn\u011b V r\u00e1mci tohoto projektu byla realizov\u00e1na kompletn\u00ed mont\u00e1\u017e kuchy\u0148sk\u00e9 linky, v\u010detn\u011b instalace v\u0161ech sk\u0159\u00edn\u011bk, pracovn\u00edch desek a spot\u0159ebi\u010d\u016f. D\u016fraz byl kladen na precizn\u00ed proveden\u00ed, aby v\u00fdsledn\u00e1 kuchyn\u011b byla nejen estetick\u00e1, ale i pln\u011b funk\u010dn\u00ed. Mont\u00e1\u017e zahrnovala tak\u00e9 p\u0159ipojen\u00ed vody, elekt\u0159iny a odpad\u016f, \u010d\u00edm\u017e byla zaji\u0161t\u011bna pln\u00e1 p\u0159ipravenost prostoru pro ka\u017edodenn\u00ed pou\u017eit\u00ed. Popt\u00e1vka","protected":false},"author":1,"featured_media":857,"parent":91,"menu_order":0,"comment_status":"closed","ping_status":"closed","template":"","meta":{"footnotes":""},"folder":[62],"class_list":["post-945","page","type-page","status-publish","has-post-thumbnail","hentry"],"_links":{"self":[{"href":"https:\/\/stribrsky.eu\/en\/wp-json\/wp\/v2\/pages\/945","targetHints":{"allow":["GET"]}}],"collection":[{"href":"https:\/\/stribrsky.eu\/en\/wp-json\/wp\/v2\/pages"}],"about":[{"href":"https:\/\/stribrsky.eu\/en\/wp-json\/wp\/v2\/types\/page"}],"author":[{"embeddable":true,"href":"https:\/\/stribrsky.eu\/en\/wp-json\/wp\/v2\/users\/1"}],"replies":[{"embeddable":true,"href":"https:\/\/stribrsky.eu\/en\/wp-json\/wp\/v2\/comments?post=945"}],"version-history":[{"count":6,"href":"https:\/\/stribrsky.eu\/en\/wp-json\/wp\/v2\/pages\/945\/revisions"}],"predecessor-version":[{"id":1266,"href":"https:\/\/stribrsky.eu\/en\/wp-json\/wp\/v2\/pages\/945\/revisions\/1266"}],"up":[{"embeddable":true,"href":"https:\/\/stribrsky.eu\/en\/wp-json\/wp\/v2\/pages\/91"}],"wp:featuredmedia":[{"embeddable":true,"href":"https:\/\/stribrsky.eu\/en\/wp-json\/wp\/v2\/media\/857"}],"wp:attachment":[{"href":"https:\/\/stribrsky.eu\/en\/wp-json\/wp\/v2\/media?parent=945"}],"wp:term":[{"taxonomy":"folder","embeddable":true,"href":"https:\/\/stribrsky.eu\/en\/wp-json\/wp\/v2\/folder?post=945"}],"curies":[{"name":"wp","href":"https:\/\/api.w.org\/{rel}","templated":true}]}}