





















{"id":93,"date":"2017-05-31T08:28:08","date_gmt":"2017-05-31T08:28:08","guid":{"rendered":"https:\/\/stribrsky.eu\/?page_id=93"},"modified":"2025-01-23T07:21:12","modified_gmt":"2025-01-23T07:21:12","slug":"kontakt","status":"publish","type":"page","link":"https:\/\/stribrsky.eu\/en\/kontakt\/","title":{"rendered":"Contact"},"content":{"rendered":"<div class=\"wpb-content-wrapper\"><div data-vc-full-width=\"true\" data-vc-full-width-init=\"false\" class=\"vc_row wpb_row vc_row-fluid vc_custom_1737573521589 vc_row-has-fill sc_layouts_row sc_layouts_row_type_normal sc_layouts_hide_on_frontpage scheme_dark\"><div class=\"wpb_column vc_column_container vc_col-sm-12 sc_layouts_column sc_layouts_column_align_center sc_layouts_column_icons_position_left\"><div class=\"vc_column-inner\"><div class=\"wpb_wrapper\"><div id=\"sc_content_478681054\"\n\t\tclass=\"sc_content color_style_default sc_content_default sc_content_width_1_1 sc_float_center\"><div class=\"sc_content_container\"><div id=\"sc_layouts_title_331158136\" class=\"sc_layouts_title with_content sc_align_left\"><div class=\"sc_layouts_title_content\"><div class=\"sc_layouts_title_breadcrumbs\"><div class=\"breadcrumbs\"><a class=\"breadcrumbs_item home\" href=\"https:\/\/stribrsky.eu\/en\/\">Home<\/a><span class=\"breadcrumbs_delimiter\"><\/span><span class=\"breadcrumbs_item current\">Contact<\/span><\/div><\/div><div class=\"sc_layouts_title_title\">\t\t\t\t\t\t\t<h1 class=\"sc_layouts_title_caption\">Contact<\/h1>\n\t\t\t\t\t\t\t<\/div><\/div><!-- .sc_layouts_title_content --><\/div><!-- \/.sc_layouts_title --><\/div><\/div><!-- \/.sc_content --><\/div><\/div><\/div><\/div><div class=\"vc_row-full-width vc_clearfix\"><\/div><div class=\"vc_row wpb_row vc_row-fluid vc_custom_1504103852990\"><div class=\"wpb_column vc_column_container vc_col-sm-8 sc_layouts_column_icons_position_left\"><div class=\"vc_column-inner vc_custom_1504103861117\"><div class=\"wpb_wrapper\"><div id=\"sc_title_1587643511\"\n\t\tclass=\"sc_title color_style_default sc_title_default  vc_custom_1737549657687\"><h6 class=\"sc_item_subtitle sc_title_subtitle sc_align_left sc_item_title_style_default\">Pot\u0159ebujete poradit?<\/h6><h3 class=\"sc_item_title sc_title_title sc_align_left sc_item_title_style_default\">Po\u0161lete n\u00e1m zpr\u00e1vu<\/h3><\/div><!-- \/.sc_title -->\n<div class=\"wpcf7 no-js\" id=\"wpcf7-f996-o1\" lang=\"en-US\" dir=\"ltr\" data-wpcf7-id=\"996\">\n<div class=\"screen-reader-response\"><p role=\"status\" aria-live=\"polite\" aria-atomic=\"true\"><\/p> <ul><\/ul><\/div>\n<form action=\"\/en\/wp-json\/wp\/v2\/pages\/93#wpcf7-f996-o1\" method=\"post\" class=\"wpcf7-form init\" aria-label=\"Contact form\" novalidate=\"novalidate\" data-status=\"init\" data-trp-original-action=\"\/en\/wp-json\/wp\/v2\/pages\/93#wpcf7-f996-o1\">\n<div style=\"display: none;\">\n<input type=\"hidden\" name=\"_wpcf7\" value=\"996\" \/>\n<input type=\"hidden\" name=\"_wpcf7_version\" value=\"6.0.6\" \/>\n<input type=\"hidden\" name=\"_wpcf7_locale\" value=\"en_US\" \/>\n<input type=\"hidden\" name=\"_wpcf7_unit_tag\" value=\"wpcf7-f996-o1\" \/>\n<input type=\"hidden\" name=\"_wpcf7_container_post\" value=\"0\" \/>\n<input type=\"hidden\" name=\"_wpcf7_posted_data_hash\" value=\"\" \/>\n<\/div>\n<div class=\"flex\">\n\t<div class='itm row'>\n\t\t<p><span class=\"wpcf7-form-control-wrap\" data-name=\"your-name\"><input size=\"40\" maxlength=\"400\" class=\"wpcf7-form-control wpcf7-text wpcf7-validates-as-required\" aria-required=\"true\" aria-invalid=\"false\" placeholder=\"Jm\u00e9no*\" value=\"\" type=\"text\" name=\"your-name\" \/><\/span>\n\t\t<\/p>\n\t<\/div>\n\t<div class='itm row'>\n\t\t<p><span class=\"wpcf7-form-control-wrap\" data-name=\"your-email\"><input size=\"40\" maxlength=\"400\" class=\"wpcf7-form-control wpcf7-email wpcf7-validates-as-required wpcf7-text wpcf7-validates-as-email\" aria-required=\"true\" aria-invalid=\"false\" placeholder=\"e-mail*\" value=\"\" type=\"email\" name=\"your-email\" \/><\/span>\n\t\t<\/p>\n\t<\/div>\n<\/div>\n<div class=''>\n\t<p><span class=\"wpcf7-form-control-wrap\" data-name=\"your-message\"><textarea cols=\"40\" rows=\"10\" maxlength=\"2000\" class=\"wpcf7-form-control wpcf7-textarea wpcf7-validates-as-required\" aria-required=\"true\" aria-invalid=\"false\" placeholder=\"Zpr\u00e1va*\" name=\"your-message\"><\/textarea><\/span>\n\t<\/p>\n<\/div>\n<div class=\"sc_form_field_submit\">\n\t<p><input class=\"wpcf7-form-control wpcf7-submit has-spinner\" type=\"submit\" value=\"Odeslat\" \/>\n\t<\/p>\n<\/div><div class=\"wpcf7-response-output\" aria-hidden=\"true\"><\/div>\n<input type=\"hidden\" name=\"trp-form-language\" value=\"en\"\/><\/form>\n<\/div>\n<\/div><\/div><\/div><div class=\"wpb_column vc_column_container vc_col-sm-4 sc_layouts_column_icons_position_left\"><div class=\"vc_column-inner vc_custom_1504103871598\"><div class=\"wpb_wrapper\">\n\t<div class=\"wpb_text_column wpb_content_element\" >\n\t\t<div class=\"wpb_wrapper\">\n\t\t\t<h6>Address<\/h6>\n<p>Kou\u0159imsk\u00e1 104\/3, 284 01<br \/>\nKutn\u00e1 Hora 1-\u017di\u017ekov<\/p>\n<h6>Telephone<\/h6>\n<p><a href=\"tel:+420725751911\">+420 725 751 911<\/a><\/p>\n<h6>E-mail<\/h6>\n<p><a href=\"mailto:tomas@stribrsky.eu\">tomas@stribrsky.eu<\/a><\/p>\n\n\t\t<\/div>\n\t<\/div>\n<div class=\"vc_empty_space  height_small\"   style=\"height: 32px\"><span class=\"vc_empty_space_inner\"><\/span><\/div><div  id=\"sc_socials_996316852\" \n\t\tclass=\"sc_socials sc_socials_default sc_align_none\"><div class=\"socials_wrap\"><a target=\"_blank\" href=\"https:\/\/www.facebook.com\/profile.php?id=100089806825112\" class=\"social_item social_item_style_icons social_item_type_icons\"><span class=\"social_icon social_facebook-1\"><span class=\"icon-facebook-1\"><\/span><\/span><\/a><\/div><!-- \/.socials_wrap --><\/div><!-- \/.sc_socials --><\/div><\/div><\/div><\/div><div data-vc-full-width=\"true\" data-vc-full-width-init=\"false\" data-vc-stretch-content=\"true\" class=\"vc_row wpb_row vc_row-fluid vc_row-no-padding\"><div class=\"wpb_column vc_column_container vc_col-sm-12 sc_layouts_column_icons_position_left\"><div class=\"vc_column-inner\"><div class=\"wpb_wrapper\"><div id=\"sc_googlemap_140558727_wrap\" class=\"sc_googlemap_wrap\"><div id=\"sc_googlemap_140558727\"\n\t\t\tclass=\"sc_googlemap sc_googlemap_default\"\n\t\t\t style=\"width:100%;height:335px;\"\t\t\tdata-zoom=\"12\"\n\t\t\tdata-style=\"light\"\n\t\t\tdata-cluster-icon=\"\"\n        ><iframe\n                    data-src=\"https:\/\/maps.google.com\/maps?t=m&output=embed&iwloc=near&z=12&q=Kou%C5%99imsk%C3%A1+104%2F3%2C+284+01+Kutn%C3%A1+Hora+1-%C5%BDi%C5%BEkov\"\n                    scrolling=\"no\"\n                    marginheight=\"0\"\n                    marginwidth=\"0\"\n                    frameborder=\"0\"\n                    aria-label=\"\" src=\"data:image\/gif;base64,R0lGODlhAQABAAAAACH5BAEKAAEALAAAAAABAAEAAAICTAEAOw==\" class=\"lazyload\" data-load-mode=\"1\"><\/iframe><\/div><\/div><!-- \/.sc_googlemap_wrap --><\/div><\/div><\/div><\/div><div class=\"vc_row-full-width vc_clearfix\"><\/div>\n<\/div>","protected":false},"excerpt":{"rendered":"HomeKontakt Kontakt Pot\u0159ebujete poradit?Po\u0161lete n\u00e1m zpr\u00e1vu Adresa Kou\u0159imsk\u00e1 104\/3, 284 01 Kutn\u00e1 Hora 1-\u017di\u017ekov Telefon +420 725 751 911 Email tomas@stribrsky.eu","protected":false},"author":1,"featured_media":0,"parent":0,"menu_order":0,"comment_status":"closed","ping_status":"closed","template":"","meta":{"footnotes":""},"folder":[62],"class_list":["post-93","page","type-page","status-publish","hentry"],"_links":{"self":[{"href":"https:\/\/stribrsky.eu\/en\/wp-json\/wp\/v2\/pages\/93","targetHints":{"allow":["GET"]}}],"collection":[{"href":"https:\/\/stribrsky.eu\/en\/wp-json\/wp\/v2\/pages"}],"about":[{"href":"https:\/\/stribrsky.eu\/en\/wp-json\/wp\/v2\/types\/page"}],"author":[{"embeddable":true,"href":"https:\/\/stribrsky.eu\/en\/wp-json\/wp\/v2\/users\/1"}],"replies":[{"embeddable":true,"href":"https:\/\/stribrsky.eu\/en\/wp-json\/wp\/v2\/comments?post=93"}],"version-history":[{"count":7,"href":"https:\/\/stribrsky.eu\/en\/wp-json\/wp\/v2\/pages\/93\/revisions"}],"predecessor-version":[{"id":1085,"href":"https:\/\/stribrsky.eu\/en\/wp-json\/wp\/v2\/pages\/93\/revisions\/1085"}],"wp:attachment":[{"href":"https:\/\/stribrsky.eu\/en\/wp-json\/wp\/v2\/media?parent=93"}],"wp:term":[{"taxonomy":"folder","embeddable":true,"href":"https:\/\/stribrsky.eu\/en\/wp-json\/wp\/v2\/folder?post=93"}],"curies":[{"name":"wp","href":"https:\/\/api.w.org\/{rel}","templated":true}]}}