





















{"id":91,"date":"2017-05-31T08:27:05","date_gmt":"2017-05-31T08:27:05","guid":{"rendered":"https:\/\/stribrsky.eu\/?page_id=91"},"modified":"2025-02-15T16:38:59","modified_gmt":"2025-02-15T16:38:59","slug":"projekty","status":"publish","type":"page","link":"https:\/\/stribrsky.eu\/en\/projekty\/","title":{"rendered":"Projects"},"content":{"rendered":"<div class=\"wpb-content-wrapper\"><div data-vc-full-width=\"true\" data-vc-full-width-init=\"false\" class=\"vc_row wpb_row vc_row-fluid vc_custom_1737574372621 vc_row-has-fill sc_layouts_row sc_layouts_row_type_normal sc_layouts_hide_on_frontpage scheme_dark\"><div class=\"wpb_column vc_column_container vc_col-sm-12 sc_layouts_column sc_layouts_column_align_center sc_layouts_column_icons_position_left\"><div class=\"vc_column-inner\"><div class=\"wpb_wrapper\"><div id=\"sc_content_941425546\"\n\t\tclass=\"sc_content color_style_default sc_content_default sc_content_width_1_1 sc_float_center\"><div class=\"sc_content_container\"><div id=\"sc_layouts_title_2110883392\" class=\"sc_layouts_title with_content sc_align_left\"><div class=\"sc_layouts_title_content\"><div class=\"sc_layouts_title_breadcrumbs\"><div class=\"breadcrumbs\"><a class=\"breadcrumbs_item home\" href=\"https:\/\/stribrsky.eu\/en\/\">Home<\/a><span class=\"breadcrumbs_delimiter\"><\/span><span class=\"breadcrumbs_item current\">Projects<\/span><\/div><\/div><div class=\"sc_layouts_title_title\">\t\t\t\t\t\t\t<h1 class=\"sc_layouts_title_caption\">Projects<\/h1>\n\t\t\t\t\t\t\t<\/div><\/div><!-- .sc_layouts_title_content --><\/div><!-- \/.sc_layouts_title --><\/div><\/div><!-- \/.sc_content --><\/div><\/div><\/div><\/div><div class=\"vc_row-full-width vc_clearfix\"><\/div><div data-vc-full-width=\"true\" data-vc-full-width-init=\"false\" data-vc-stretch-content=\"true\" class=\"vc_row wpb_row vc_row-fluid vc_row-no-padding\"><div class=\"wpb_column vc_column_container vc_col-sm-12 sc_layouts_column_icons_position_left\"><div class=\"vc_column-inner\"><div class=\"wpb_wrapper\"><div id=\"sc_content_1860881897\"\n\t\tclass=\"sc_content color_style_default sc_content_default sc_content_width_1_1 sc_float_center\"><div class=\"sc_content_container\"><div id=\"sc_title_997150654\"\n\t\tclass=\"sc_title color_style_default sc_title_row\"><h6 class=\"sc_item_subtitle sc_title_subtitle sc_align_left sc_item_title_style_row\">Projects<\/h6><h3 class=\"sc_item_title sc_title_title sc_align_left sc_item_title_style_row\">Our work's results<\/h3><\/div><!-- \/.sc_title --><\/div><\/div><!-- \/.sc_content --><\/div><\/div><\/div><div class=\"recent_projects_slider wpb_column vc_column_container vc_col-sm-12 sc_layouts_column_icons_position_left\"><div class=\"vc_column-inner\"><div class=\"wpb_wrapper\"><div id=\"RecentProjects\" class=\"widget_area sc_widget_slider vc_widget_slider wpb_content_element\"><aside id=\"RecentProjects_widget\" class=\"widget widget_slider\">\t\t\t<div class=\"slider_wrap slider_engine_swiper\">\n\t\t\t\t<div id=\"RecentProjects_outer\" class=\"slider_swiper_outer slider_style_dark slider_outer_direction_horizontal slider_outer_controls slider_outer_controls_side slider_outer_nopagination slider_outer_titles_center slider_outer_one\"><div id=\"RecentProjects_swiper\" class=\"slider_swiper swiper-slider-container slider_direction_horizontal slider_controls slider_controls_side slider_nopagination slider_titles_center slider_one slider_noresize slider_height_auto slider_type_bg\" data-ratio=\"16:9\" data-interval=\"0\" data-effect=\"slide\" data-pagination=\"bullets\" data-direction=\"horizontal\" data-slides-per-view=\"1\" data-slides-space=\"0\">\n\t\t\t\t\t\t<div class=\"swiper-wrapper\"><div  id=\"slide_321621336\" class=\"swiper-slide  vc_custom_1737488640377 lazyload\" data-image=\"https:\/\/stribrsky.eu\/wp-content\/uploads\/2025\/01\/MM_Berlin_Alexa_06-ezgif.com-webp-to-jpg-converter-4.png\" style=\"background-image:inherit;\" data-bg-image=\"url(https:\/\/stribrsky.eu\/wp-content\/uploads\/2025\/01\/MM_Berlin_Alexa_06-ezgif.com-webp-to-jpg-converter-4.png)\"><div class=\"slide_content\"><div id=\"sc_content_171723948\"\n\t\tclass=\"sc_content color_style_default scheme_dark sc_content_default sc_content_width_1_1 sc_float_center\"><div class=\"sc_content_container\"><div id=\"sc_content_921498199\"\n\t\tclass=\"sc_content color_style_default scheme_dark color_style_default sc_content_default sc_content_width_30p sc_float_left\"><div class=\"sc_content_container\"><div id=\"sc_title_1127139017\"\n\t\tclass=\"sc_title color_style_default sc_title_default\"><h5 class=\"sc_item_title sc_title_title sc_align_left sc_item_title_style_default sc_item_title_tag\">Hisense Showrooms<\/h5><\/div><!-- \/.sc_title -->\n\t<div class=\"wpb_text_column wpb_content_element vc_custom_1737475164272\" >\n\t\t<div class=\"wpb_wrapper\">\n\t\t\t<p>Installation of commercial premises<\/p>\n<p>The comprehensive installation of modern exhibition spaces included designer ceilings, LED elements, and shelving systems. These elements created an attractive and functional environment for product display and ensuring an optimal customer experience.<\/p>\n\n\t\t<\/div>\n\t<\/div>\n<a href=\"\/en\/showroomy-hisence\/\" id=\"sc_button_818844629\" class=\"sc_button color_style_dark sc_button_simple_line  vc_custom_1737548224630 sc_button_size_normal sc_button_icon_left\"><span class=\"sc_button_text\"><span class=\"sc_button_title\">More about the project<\/span><\/span><!-- \/.sc_button_text --><\/a><!-- \/.sc_button --><\/div><\/div><!-- \/.sc_content --><\/div><\/div><!-- \/.sc_content --><\/div><\/div><div  id=\"slide_984480684\" class=\"swiper-slide  vc_custom_1737488723117 lazyload\" data-image=\"https:\/\/stribrsky.eu\/wp-content\/uploads\/2025\/01\/20211112_114719-ezgif.com-webp-to-jpg-converter-3.png\" style=\"background-image:inherit;\" data-bg-image=\"url(https:\/\/stribrsky.eu\/wp-content\/uploads\/2025\/01\/20211112_114719-ezgif.com-webp-to-jpg-converter-3.png)\"><div class=\"slide_content\"><div id=\"sc_content_365244878\"\n\t\tclass=\"sc_content color_style_default scheme_dark sc_content_default sc_content_width_1_1 sc_float_center\"><div class=\"sc_content_container\"><div id=\"sc_content_2109563464\"\n\t\tclass=\"sc_content color_style_default scheme_dark color_style_default sc_content_default sc_content_width_30p sc_float_left\"><div class=\"sc_content_container\"><div id=\"sc_title_710948557\"\n\t\tclass=\"sc_title color_style_default sc_title_default\"><h5 class=\"sc_item_title sc_title_title sc_align_left sc_item_title_style_default sc_item_title_tag\">\u0160koda Dealerships<\/h5><\/div><!-- \/.sc_title -->\n\t<div class=\"wpb_text_column wpb_content_element vc_custom_1737475612451\" >\n\t\t<div class=\"wpb_wrapper\">\n\t\t\t<p>Installation of commercial premises<\/p>\n<p>The installation for the \u0160koda showrooms included a comprehensive realization of the sales areas, involving the assembly of suspended ceilings, shelving systems, and special lighting. The project demanded precise attention to detail for optimal display of cars and accessories. Furthermore, interactive displays and modern display cabinets were integrated into the space, contributing to the creation of a professional and attractive atmosphere.<\/p>\n\n\t\t<\/div>\n\t<\/div>\n<a href=\"\/en\/autosalony-skoda\/\" id=\"sc_button_1259498176\" class=\"sc_button color_style_dark sc_button_simple_line  vc_custom_1737486716316 sc_button_size_normal sc_button_icon_left\"><span class=\"sc_button_text\"><span class=\"sc_button_title\">More about the project<\/span><\/span><!-- \/.sc_button_text --><\/a><!-- \/.sc_button --><\/div><\/div><!-- \/.sc_content --><\/div><\/div><!-- \/.sc_content --><\/div><\/div><div  id=\"slide_100975713\" class=\"swiper-slide  vc_custom_1737488732744 lazyload\" data-image=\"https:\/\/stribrsky.eu\/wp-content\/uploads\/2025\/01\/20230329_161022_resized-ezgif.com-webp-to-jpg-converter-11.png\" style=\"background-image:inherit;\" data-bg-image=\"url(https:\/\/stribrsky.eu\/wp-content\/uploads\/2025\/01\/20230329_161022_resized-ezgif.com-webp-to-jpg-converter-11.png)\"><div class=\"slide_content\"><div id=\"sc_content_1256902944\"\n\t\tclass=\"sc_content color_style_default scheme_dark sc_content_default sc_content_width_1_1 sc_float_center\"><div class=\"sc_content_container\"><div id=\"sc_content_1692491063\"\n\t\tclass=\"sc_content color_style_default scheme_dark color_style_default sc_content_default sc_content_width_30p sc_float_left\"><div class=\"sc_content_container\"><div id=\"sc_title_1179423608\"\n\t\tclass=\"sc_title color_style_default sc_title_default\"><h5 class=\"sc_item_title sc_title_title sc_align_left sc_item_title_style_default sc_item_title_tag\">Dankuchen Exhibition Stand<\/h5><\/div><!-- \/.sc_title -->\n\t<div class=\"wpb_text_column wpb_content_element vc_custom_1737475697510\" >\n\t\t<div class=\"wpb_wrapper\">\n\t\t\t<p>Installation of Commercial Premises \/ Kitchen<\/p>\n<p>For the Dankuchen exhibition stand at the trade fair, an installation of modern kitchen technology and design elements was realised. The assembly included premium kitchen units, innovative lighting systems, and functional shelving systems for optimal product presentation. All components were carefully selected and arranged so that the displayed kitchens would offer visitors not only an aesthetic experience but also a practical demonstration of their functionality and quality.<\/p>\n\n\t\t<\/div>\n\t<\/div>\n<a href=\"\/en\/dankuchen-expo-stand\/\" id=\"sc_button_695371443\" class=\"sc_button color_style_dark sc_button_simple_line  vc_custom_1737486737551 sc_button_size_normal sc_button_icon_left\"><span class=\"sc_button_text\"><span class=\"sc_button_title\">More about the project<\/span><\/span><!-- \/.sc_button_text --><\/a><!-- \/.sc_button --><\/div><\/div><!-- \/.sc_content --><\/div><\/div><!-- \/.sc_content --><\/div><\/div><div  id=\"slide_269176478\" class=\"swiper-slide  vc_custom_1737488742154 lazyload\" data-image=\"https:\/\/stribrsky.eu\/wp-content\/uploads\/2025\/01\/IMG-20220730-WA0054-ezgif.com-webp-to-jpg-converter-7.png\" style=\"background-image:inherit;\" data-bg-image=\"url(https:\/\/stribrsky.eu\/wp-content\/uploads\/2025\/01\/IMG-20220730-WA0054-ezgif.com-webp-to-jpg-converter-7.png)\"><div class=\"slide_content\"><div id=\"sc_content_2140575853\"\n\t\tclass=\"sc_content color_style_default scheme_dark sc_content_default sc_content_width_1_1 sc_float_center\"><div class=\"sc_content_container\"><div id=\"sc_content_1384131768\"\n\t\tclass=\"sc_content color_style_default scheme_dark color_style_default sc_content_default sc_content_width_30p sc_float_left\"><div class=\"sc_content_container\"><div id=\"sc_title_130044853\"\n\t\tclass=\"sc_title color_style_default sc_title_default\"><h5 class=\"sc_item_title sc_title_title sc_align_left sc_item_title_style_default sc_item_title_tag\">Kitchen fitting<\/h5><\/div><!-- \/.sc_title -->\n\t<div class=\"wpb_text_column wpb_content_element vc_custom_1737475775158\" >\n\t\t<div class=\"wpb_wrapper\">\n\t\t\t<p>Kitchen<\/p>\n<p>As part of this project, a complete kitchen unit assembly was carried out, including the installation of all cabinets, worktops, and appliances. Emphasis was placed on precision workmanship to ensure the resulting kitchen was not only aesthetically pleasing but also fully functional. The assembly also included the connection of water, electricity, and waste, thereby ensuring the space was fully prepared for everyday use.<\/p>\n\n\t\t<\/div>\n\t<\/div>\n<a href=\"\/en\/montaz-kuchyne\/\" id=\"sc_button_695876976\" class=\"sc_button color_style_dark sc_button_simple_line  vc_custom_1737486753366 sc_button_size_normal sc_button_icon_left\"><span class=\"sc_button_text\"><span class=\"sc_button_title\">More about the project<\/span><\/span><!-- \/.sc_button_text --><\/a><!-- \/.sc_button --><\/div><\/div><!-- \/.sc_content --><\/div><\/div><!-- \/.sc_content --><\/div><\/div><div  id=\"slide_722694496\" class=\"swiper-slide  vc_custom_1737488751261 lazyload\" data-image=\"https:\/\/stribrsky.eu\/wp-content\/uploads\/2025\/01\/20230427_134200_resized-ezgif.com-webp-to-jpg-converter-6.png\" style=\"background-image:inherit;\" data-bg-image=\"url(https:\/\/stribrsky.eu\/wp-content\/uploads\/2025\/01\/20230427_134200_resized-ezgif.com-webp-to-jpg-converter-6.png)\"><div class=\"slide_content\"><div id=\"sc_content_12120100\"\n\t\tclass=\"sc_content color_style_default scheme_dark sc_content_default sc_content_width_1_1 sc_float_center\"><div class=\"sc_content_container\"><div id=\"sc_content_992090783\"\n\t\tclass=\"sc_content color_style_default scheme_dark color_style_default sc_content_default sc_content_width_30p sc_float_left\"><div class=\"sc_content_container\"><div id=\"sc_title_1700758938\"\n\t\tclass=\"sc_title color_style_default sc_title_default\"><h5 class=\"sc_item_title sc_title_title sc_align_left sc_item_title_style_default sc_item_title_tag\">Hisense Island Installation<\/h5><\/div><!-- \/.sc_title -->\n\t<div class=\"wpb_text_column wpb_content_element vc_custom_1737475871735\" >\n\t\t<div class=\"wpb_wrapper\">\n\t\t\t<p>Installation of commercial premises<\/p>\n<p>The project involved the installation of a designer exhibition island for the Hisense brand, which was part of a presentation at a prestigious trade fair. The assembly included the installation of LED lighting, interactive displays, and shelving systems for product presentation. All elements were carefully designed to create a modern and attractive space that ensured effective product presentation while providing visitors with a unique experience.<\/p>\n\n\t\t<\/div>\n\t<\/div>\n<a href=\"\/en\/hisense-island-installation\/\" id=\"sc_button_945761704\" class=\"sc_button color_style_dark sc_button_simple_line  vc_custom_1737486779895 sc_button_size_normal sc_button_icon_left\"><span class=\"sc_button_text\"><span class=\"sc_button_title\">More about the project<\/span><\/span><!-- \/.sc_button_text --><\/a><!-- \/.sc_button --><\/div><\/div><!-- \/.sc_content --><\/div><\/div><!-- \/.sc_content --><\/div><\/div><div  id=\"slide_1953914982\" class=\"swiper-slide  vc_custom_1737488759568 lazyload\" data-image=\"https:\/\/stribrsky.eu\/wp-content\/uploads\/2025\/01\/20211102_185113-ezgif.com-webp-to-jpg-converter-9.png\" style=\"background-image:inherit;\" data-bg-image=\"url(https:\/\/stribrsky.eu\/wp-content\/uploads\/2025\/01\/20211102_185113-ezgif.com-webp-to-jpg-converter-9.png)\"><div class=\"slide_content\"><div id=\"sc_content_307151513\"\n\t\tclass=\"sc_content color_style_default scheme_dark sc_content_default sc_content_width_1_1 sc_float_center\"><div class=\"sc_content_container\"><div id=\"sc_content_1383086096\"\n\t\tclass=\"sc_content color_style_default scheme_dark color_style_default sc_content_default sc_content_width_30p sc_float_left\"><div class=\"sc_content_container\"><div id=\"sc_title_250771972\"\n\t\tclass=\"sc_title color_style_default sc_title_default\"><h5 class=\"sc_item_title sc_title_title sc_align_left sc_item_title_style_default sc_item_title_tag\">Bespoke manufacturing<\/h5><\/div><!-- \/.sc_title -->\n\t<div class=\"wpb_text_column wpb_content_element vc_custom_1737475933989\" >\n\t\t<div class=\"wpb_wrapper\">\n\t\t\t<p>Bespoke manufacturing<\/p>\n<p>Within this project, custom furniture and interior elements were produced according to the client's specific requirements. The project included the design, manufacture, and installation of unique furniture pieces that perfectly fit the intended space. Each element was carefully crafted from high-quality materials, with an emphasis on detail and functionality, to ensure maximum comfort and aesthetic appeal.<\/p>\n\n\t\t<\/div>\n\t<\/div>\n<a href=\"\/en\/zakazkova-vyroba\/\" id=\"sc_button_2126237440\" class=\"sc_button color_style_dark sc_button_simple_line  vc_custom_1737486794221 sc_button_size_normal sc_button_icon_left\"><span class=\"sc_button_text\"><span class=\"sc_button_title\">More about the project<\/span><\/span><!-- \/.sc_button_text --><\/a><!-- \/.sc_button --><\/div><\/div><!-- \/.sc_content --><\/div><\/div><!-- \/.sc_content --><\/div><\/div><div  id=\"slide_188878389\" class=\"swiper-slide  vc_custom_1737488767533 lazyload\" data-image=\"https:\/\/stribrsky.eu\/wp-content\/uploads\/2025\/01\/20201204_122430-1.png\" style=\"background-image:inherit;\" data-bg-image=\"url(https:\/\/stribrsky.eu\/wp-content\/uploads\/2025\/01\/20201204_122430-1.png)\"><div class=\"slide_content\"><div id=\"sc_content_70005599\"\n\t\tclass=\"sc_content color_style_default scheme_dark sc_content_default sc_content_width_1_1 sc_float_center\"><div class=\"sc_content_container\"><div id=\"sc_content_1150268283\"\n\t\tclass=\"sc_content color_style_default scheme_dark color_style_default sc_content_default sc_content_width_30p sc_float_left\"><div class=\"sc_content_container\"><div id=\"sc_title_738574963\"\n\t\tclass=\"sc_title color_style_default sc_title_default\"><h5 class=\"sc_item_title sc_title_title sc_align_left sc_item_title_style_default sc_item_title_tag\">Apollo Optik Shops<\/h5><\/div><!-- \/.sc_title -->\n\t<div class=\"wpb_text_column wpb_content_element vc_custom_1737475988838\" >\n\t\t<div class=\"wpb_wrapper\">\n\t\t\t<p>Installation of commercial premises<\/p>\n<p>The implementation included the complete installation of interior elements for Apollo Optik stores, including the assembly of shelving systems, illuminated display cabinets, and exhibition walls. Emphasis was placed on detailed workmanship and functionality to ensure the spaces met the requirements of a modern retail environment. The project also involved the integration of specialized lighting, which highlighted the displayed products and created a pleasant atmosphere for customers.<\/p>\n\n\t\t<\/div>\n\t<\/div>\n<a href=\"\/en\/prodejny-apollo-optik\/\" id=\"sc_button_619300642\" class=\"sc_button color_style_dark sc_button_simple_line  vc_custom_1737486806708 sc_button_size_normal sc_button_icon_left\"><span class=\"sc_button_text\"><span class=\"sc_button_title\">More about the project<\/span><\/span><!-- \/.sc_button_text --><\/a><!-- \/.sc_button --><\/div><\/div><!-- \/.sc_content --><\/div><\/div><!-- \/.sc_content --><\/div><\/div><\/div><!-- \/.swiper-wripper --><div class=\"slider_controls_wrap\"><a class=\"slider_prev swiper-button-prev\" href=\"#\"><\/a><a class=\"slider_next swiper-button-next\" href=\"#\"><\/a><\/div><\/div><!-- \/.slider_swiper --><\/div><!-- \/.slider_swiper_outer -->\t\t\t<\/div>\n\t\t\t<\/aside><\/div><\/div><\/div><\/div><div class=\"wpb_column vc_column_container vc_col-sm-12 sc_layouts_column_icons_position_left\"><div class=\"vc_column-inner\"><div class=\"wpb_wrapper\"><div id=\"sc_content_2078991783\"\n\t\tclass=\"sc_content color_style_default sc_content_default sc_content_width_1_1 sc_float_center\"><div class=\"sc_content_container\"><div id=\"slider_controller_332082943\" class=\"sc_slider_controller sc_slider_controller_thumbs sc_slider_controller_horizontal sc_slider_controller_height_fixed  vc_custom_1503315870727\" data-slider-id=\"RecentProjects\" data-style=\"thumbs\" data-controls=\"0\" data-interval=\"0\" data-effect=\"slide\" data-direction=\"horizontal\" data-slides-per-view=\"4\" data-slides-space=\"44\" data-height=\"105px\"><\/div><\/div><\/div><!-- \/.sc_content --><\/div><\/div><\/div><\/div><div class=\"vc_row-full-width vc_clearfix\"><\/div><div data-vc-full-width=\"true\" data-vc-full-width-init=\"false\" data-vc-stretch-content=\"true\" class=\"vc_row wpb_row vc_row-fluid vc_row-no-padding\"><div class=\"wpb_column vc_column_container vc_col-sm-6 sc_layouts_column_icons_position_left\"><div class=\"vc_column-inner vc_custom_1502459523179\"><div class=\"wpb_wrapper\"><div id=\"sc_googlemap_1202219847_wrap\" class=\"sc_googlemap_wrap\"><div id=\"sc_googlemap_1202219847\"\n\t\t\tclass=\"sc_googlemap sc_googlemap_default\"\n\t\t\t style=\"width:100%;height:543px;\"\t\t\tdata-zoom=\"12\"\n\t\t\tdata-style=\"light\"\n\t\t\tdata-cluster-icon=\"\"\n        ><iframe\n                    data-src=\"https:\/\/maps.google.com\/maps?t=m&output=embed&iwloc=near&z=12&q=Kou%C5%99imsk%C3%A1+104%2F3%2C+284+01+Kutn%C3%A1+Hora+1-%C5%BDi%C5%BEkov\"\n                    scrolling=\"no\"\n                    marginheight=\"0\"\n                    marginwidth=\"0\"\n                    frameborder=\"0\"\n                    aria-label=\"\" src=\"data:image\/gif;base64,R0lGODlhAQABAAAAACH5BAEKAAEALAAAAAABAAEAAAICTAEAOw==\" class=\"lazyload\" data-load-mode=\"1\"><\/iframe><\/div><\/div><!-- \/.sc_googlemap_wrap --><\/div><\/div><\/div><div class=\"wpb_column vc_column_container vc_col-sm-1 sc_layouts_column_icons_position_left\"><div class=\"vc_column-inner\"><div class=\"wpb_wrapper\"><\/div><\/div><\/div><div class=\"contacts_text_align_resp wpb_column vc_column_container vc_col-sm-5 sc_layouts_column_icons_position_left\"><div class=\"vc_column-inner vc_custom_1504102970069\"><div class=\"wpb_wrapper\"><div id=\"sc_title_1985799804\"\n\t\tclass=\"sc_title color_style_default sc_title_default  vc_custom_1737461653161\"><h6 class=\"sc_item_subtitle sc_title_subtitle sc_align_left sc_item_title_style_default\">Contact details<\/h6><h2 class=\"sc_item_title sc_title_title sc_align_left sc_item_title_style_default sc_item_title_tag\">We are here <br>for you<\/h2><\/div><!-- \/.sc_title -->\n\t<div class=\"wpb_text_column wpb_content_element vc_custom_1737461706195\" >\n\t\t<div class=\"wpb_wrapper\">\n\t\t\t<h6 class=\"trx_addons_no_margin\">Address<\/h6>\n<p>Kou\u0159imsk\u00e1 104\/3, 284 01 Kutn\u00e1 Hora 1-\u017di\u017ekov<\/p>\n\n\t\t<\/div>\n\t<\/div>\n\n\t<div class=\"wpb_text_column wpb_content_element vc_custom_1737461756270\" >\n\t\t<div class=\"wpb_wrapper\">\n\t\t\t<h6 class=\"trx_addons_no_margin\">Telephone<\/h6>\n<p><a href=\"tel:+420725751911\">+420 725 751 911<\/a><\/p>\n\n\t\t<\/div>\n\t<\/div>\n\n\t<div class=\"wpb_text_column wpb_content_element\" >\n\t\t<div class=\"wpb_wrapper\">\n\t\t\t<h6 class=\"trx_addons_no_margin\">E-mail<\/h6>\n<p><a href=\"mailto:tomas@stribrsky.eu\">tomas@stribrsky.eu<\/a><\/p>\n\n\t\t<\/div>\n\t<\/div>\n<\/div><\/div><\/div><\/div><div class=\"vc_row-full-width vc_clearfix\"><\/div>\n<\/div>","protected":false},"excerpt":{"rendered":"HomeProjekty Projekty ProjektyV\u00fdsledky na\u0161\u00ed pr\u00e1ce Showroomy Hisense Instalace komer\u010dn\u00edch prostor Komplexn\u00ed instalace modern\u00edch v\u00fdstavn\u00edch prostor zahrnovala designov\u00e9 podhledy, LED prvky a reg\u00e1lov\u00e9 syst\u00e9my. Tyto prvky vytvo\u0159ily atraktivn\u00ed a funk\u010dn\u00ed prost\u0159ed\u00ed pro prezentaci produkt\u016f a zaji\u0161t\u011bn\u00ed optim\u00e1ln\u00edho z\u00e1\u017eitku pro z\u00e1kazn\u00edky. V\u00edce o projektuAutosalony \u0160koda Instalace komer\u010dn\u00edch prostor Instalace pro autosalony \u0160koda zahrnovala komplexn\u00ed realizaci prodejn\u00edch prostor, v\u010detn\u011b mont\u00e1\u017ee podhled\u016f, reg\u00e1lov\u00fdch syst\u00e9m\u016f&hellip;","protected":false},"author":1,"featured_media":0,"parent":0,"menu_order":0,"comment_status":"closed","ping_status":"closed","template":"","meta":{"footnotes":""},"folder":[62],"class_list":["post-91","page","type-page","status-publish","hentry"],"_links":{"self":[{"href":"https:\/\/stribrsky.eu\/en\/wp-json\/wp\/v2\/pages\/91","targetHints":{"allow":["GET"]}}],"collection":[{"href":"https:\/\/stribrsky.eu\/en\/wp-json\/wp\/v2\/pages"}],"about":[{"href":"https:\/\/stribrsky.eu\/en\/wp-json\/wp\/v2\/types\/page"}],"author":[{"embeddable":true,"href":"https:\/\/stribrsky.eu\/en\/wp-json\/wp\/v2\/users\/1"}],"replies":[{"embeddable":true,"href":"https:\/\/stribrsky.eu\/en\/wp-json\/wp\/v2\/comments?post=91"}],"version-history":[{"count":17,"href":"https:\/\/stribrsky.eu\/en\/wp-json\/wp\/v2\/pages\/91\/revisions"}],"predecessor-version":[{"id":1221,"href":"https:\/\/stribrsky.eu\/en\/wp-json\/wp\/v2\/pages\/91\/revisions\/1221"}],"wp:attachment":[{"href":"https:\/\/stribrsky.eu\/en\/wp-json\/wp\/v2\/media?parent=91"}],"wp:term":[{"taxonomy":"folder","embeddable":true,"href":"https:\/\/stribrsky.eu\/en\/wp-json\/wp\/v2\/folder?post=91"}],"curies":[{"name":"wp","href":"https:\/\/api.w.org\/{rel}","templated":true}]}}