





















{"id":89,"date":"2017-05-31T08:26:07","date_gmt":"2017-05-31T08:26:07","guid":{"rendered":"https:\/\/stribrsky.eu\/?page_id=89"},"modified":"2025-02-15T16:37:29","modified_gmt":"2025-02-15T16:37:29","slug":"o-nas","status":"publish","type":"page","link":"https:\/\/stribrsky.eu\/en\/o-nas\/","title":{"rendered":"About Us"},"content":{"rendered":"<div class=\"wpb-content-wrapper\"><div data-vc-full-width=\"true\" data-vc-full-width-init=\"false\" class=\"vc_row wpb_row vc_row-fluid vc_custom_1737572652583 vc_row-has-fill sc_layouts_row sc_layouts_row_type_normal sc_layouts_hide_on_frontpage scheme_dark\"><div class=\"wpb_column vc_column_container vc_col-sm-12 sc_layouts_column sc_layouts_column_align_center sc_layouts_column_icons_position_left\"><div class=\"vc_column-inner\"><div class=\"wpb_wrapper\"><div id=\"sc_content_871954950\"\n\t\tclass=\"sc_content color_style_default sc_content_default sc_content_width_1_1 sc_float_center\"><div class=\"sc_content_container\"><div id=\"sc_layouts_title_1401238710\" class=\"sc_layouts_title with_content sc_align_left\"><div class=\"sc_layouts_title_content\"><div class=\"sc_layouts_title_breadcrumbs\"><div class=\"breadcrumbs\"><a class=\"breadcrumbs_item home\" href=\"https:\/\/stribrsky.eu\/en\/\">Home<\/a><span class=\"breadcrumbs_delimiter\"><\/span><span class=\"breadcrumbs_item current\">About Us<\/span><\/div><\/div><div class=\"sc_layouts_title_title\">\t\t\t\t\t\t\t<h1 class=\"sc_layouts_title_caption\">About Us<\/h1>\n\t\t\t\t\t\t\t<\/div><\/div><!-- .sc_layouts_title_content --><\/div><!-- \/.sc_layouts_title --><\/div><\/div><!-- \/.sc_content --><\/div><\/div><\/div><\/div><div class=\"vc_row-full-width vc_clearfix\"><\/div><div data-vc-full-width=\"true\" data-vc-full-width-init=\"false\" data-vc-stretch-content=\"true\" class=\"vc_row wpb_row vc_row-fluid vc_custom_1595583326685 vc_row-no-padding\"><div class=\"wpb_column vc_column_container vc_col-sm-12 vc_col-lg-offset-0 vc_col-md-offset-0 vc_col-sm-offset-0 sc_layouts_column_icons_position_left\"><div class=\"vc_column-inner\"><div class=\"wpb_wrapper\"><div  id=\"sc_promo_931268782\" \n\tclass=\"sc_promo align_text color_style_default sc_promo_default sc_promo_size_normal sc_promo_no_paddings sc_promo_image_position_right\"><div class=\"sc_promo_image lazyload\" style=\"background-image:inherit;width:50%;right: 0;\" data-bg-image=\"url(https:\/\/stribrsky.eu\/wp-content\/uploads\/2025\/01\/20210820_111201-ezgif.com-webp-to-jpg-converter-Large.jpg)\"><\/div><div class=\"sc_promo_text\" style=\"width: 50%;float: left;\">\n\t\t\t<div class=\"sc_promo_text_inner sc_content_width_50%\" style=\"\"><h6 class=\"sc_item_subtitle sc_promo_subtitle sc_align_left sc_item_title_style_default\">About Us<\/h6><h3 class=\"sc_item_title sc_promo_title sc_align_left sc_item_title_style_default sc_item_title_tag\">Na\u0161e vize, zku\u0161enosti a z\u00e1vazek k va\u0161\u00ed spokojenosti<\/h3><div class=\"sc_item_descr sc_promo_descr sc_align_left\"><p>St\u0159\u00edbrsk\u00fd s.r.o. je mont\u00e1\u017en\u00ed firma se z\u00e1kladnou v Kutn\u00e9 Ho\u0159e, kter\u00e1 se specializuje na instalaci komer\u010dn\u00edch prostor, kuchyn\u00ed a zak\u00e1zkovou v\u00fdrobu. Na\u0161i odborn\u00edci maj\u00ed zku\u0161enosti s realizac\u00ed projekt\u016f po cel\u00e9 Evrop\u011b, kde db\u00e1me na ka\u017ed\u00fd detail a vysokou kvalitu zpracov\u00e1n\u00ed.<\/p>\n<\/div><\/div>\n\t\t<\/div><!-- \/.sc_promo_text --><\/div><!-- \/.sc_promo --><\/div><\/div><\/div><\/div><div class=\"vc_row-full-width vc_clearfix\"><\/div><div class=\"vc_row wpb_row vc_row-fluid vc_custom_1737574730031\"><div class=\"wpb_column vc_column_container vc_col-sm-12 sc_layouts_column_icons_position_left\"><div class=\"vc_column-inner\"><div class=\"wpb_wrapper\"><a href=\"\/en\/kontakt\/\" id=\"sc_button_858607831\" class=\"sc_button color_style_default sc_button_simple  vc_custom_1737574554296 sc_button_size_normal sc_button_icon_left\"><span class=\"sc_button_text\"><span class=\"sc_button_title\">Enquiry<\/span><\/span><!-- \/.sc_button_text --><\/a><!-- \/.sc_button --><\/div><\/div><\/div><\/div><div data-vc-full-width=\"true\" data-vc-full-width-init=\"false\" class=\"vc_row wpb_row vc_row-fluid vc_custom_1737724462013 vc_row-has-fill vc_column-gap-35 vc_row-o-content-middle vc_row-flex\"><div class=\"wpb_column vc_column_container vc_col-sm-6 sc_layouts_column_icons_position_left\"><div class=\"vc_column-inner\"><div class=\"wpb_wrapper\"><div id=\"sc_title_80234588\"\n\t\tclass=\"sc_title color_style_default sc_title_default\"><h3 class=\"sc_item_title sc_title_title sc_align_left sc_item_title_style_default sc_item_title_tag\">Spolehliv\u00e1 \u0159e\u0161en\u00ed pro v\u00e1\u0161 interi\u00e9r<\/h3><\/div><!-- \/.sc_title --><div class=\"vc_empty_space  height_tiny\"   style=\"height: 32px\"><span class=\"vc_empty_space_inner\"><\/span><\/div>\n\t<div class=\"wpb_text_column wpb_content_element\" >\n\t\t<div class=\"wpb_wrapper\">\n\t\t\t<p>Na\u0161e slu\u017eby zahrnuj\u00ed kompletn\u00ed servis od n\u00e1vrhu a\u017e po samotnou realizaci a p\u0159ed\u00e1n\u00ed klientovi. Vytv\u00e1\u0159\u00edme interi\u00e9rov\u00e1 \u0159e\u0161en\u00ed na m\u00edru, a\u0165 u\u017e se jedn\u00e1 o designov\u00e9 podhledy, LED prvky, reg\u00e1lov\u00e9 syst\u00e9my nebo unik\u00e1tn\u00ed kusy n\u00e1bytku.<\/p>\n<p>Na\u0161\u00edm c\u00edlem je va\u0161e spokojenost a dlouhodob\u00e1 spolupr\u00e1ce. D\u00edky na\u0161emu p\u0159\u00edstupu a profesion\u00e1ln\u00edmu t\u00fdmu jsme schopni plnit i n\u00e1ro\u010dn\u00e9 po\u017eadavky, s d\u016frazem na kvalitu a spolehlivost.<\/p>\n\n\t\t<\/div>\n\t<\/div>\n<\/div><\/div><\/div><div class=\"wpb_column vc_column_container vc_col-sm-6 sc_layouts_column_icons_position_left\"><div class=\"vc_column-inner\"><div class=\"wpb_wrapper\">\n\t<div  class=\"wpb_single_image wpb_content_element vc_align_center wpb_content_element\">\n\t\t\n\t\t<figure class=\"wpb_wrapper vc_figure\">\n\t\t\t<div class=\"vc_single_image-wrapper   vc_box_border_grey\"><img decoding=\"async\" class=\"vc_single_image-img lazyload\" data-src=\"https:\/\/stribrsky.eu\/wp-content\/uploads\/2025\/01\/study-desk-2024-09-19-13-19-45-utc-Large-585x610.jpg\" width=\"585\" height=\"610\" alt=\"study-desk-2024-09-19-13-19-45-utc (Large)\" title=\"study-desk-2024-09-19-13-19-45-utc (Large)\" src=\"data:image\/gif;base64,R0lGODlhAQABAAAAACH5BAEKAAEALAAAAAABAAEAAAICTAEAOw==\" style=\"--smush-placeholder-width: 585px; --smush-placeholder-aspect-ratio: 585\/610;\" \/><\/div>\n\t\t<\/figure>\n\t<\/div>\n<\/div><\/div><\/div><\/div><div class=\"vc_row-full-width vc_clearfix\"><\/div><div data-vc-full-width=\"true\" data-vc-full-width-init=\"false\" data-vc-stretch-content=\"true\" class=\"vc_row wpb_row vc_row-fluid vc_row-no-padding\"><div class=\"wpb_column vc_column_container vc_col-sm-6 sc_layouts_column_icons_position_left\"><div class=\"vc_column-inner vc_custom_1502459523179\"><div class=\"wpb_wrapper\"><div id=\"sc_googlemap_356674409_wrap\" class=\"sc_googlemap_wrap\"><div id=\"sc_googlemap_356674409\"\n\t\t\tclass=\"sc_googlemap sc_googlemap_default\"\n\t\t\t style=\"width:100%;height:543px;\"\t\t\tdata-zoom=\"12\"\n\t\t\tdata-style=\"light\"\n\t\t\tdata-cluster-icon=\"\"\n        ><iframe\n                    data-src=\"https:\/\/maps.google.com\/maps?t=m&output=embed&iwloc=near&z=12&q=Kou%C5%99imsk%C3%A1+104%2F3%2C+284+01+Kutn%C3%A1+Hora+1-%C5%BDi%C5%BEkov\"\n                    scrolling=\"no\"\n                    marginheight=\"0\"\n                    marginwidth=\"0\"\n                    frameborder=\"0\"\n                    aria-label=\"\" src=\"data:image\/gif;base64,R0lGODlhAQABAAAAACH5BAEKAAEALAAAAAABAAEAAAICTAEAOw==\" class=\"lazyload\" data-load-mode=\"1\"><\/iframe><\/div><\/div><!-- \/.sc_googlemap_wrap --><\/div><\/div><\/div><div class=\"wpb_column vc_column_container vc_col-sm-1 sc_layouts_column_icons_position_left\"><div class=\"vc_column-inner\"><div class=\"wpb_wrapper\"><\/div><\/div><\/div><div class=\"contacts_text_align_resp wpb_column vc_column_container vc_col-sm-5 sc_layouts_column_icons_position_left\"><div class=\"vc_column-inner vc_custom_1504102970069\"><div class=\"wpb_wrapper\"><div id=\"sc_title_294190149\"\n\t\tclass=\"sc_title color_style_default sc_title_default  vc_custom_1737461653161\"><h6 class=\"sc_item_subtitle sc_title_subtitle sc_align_left sc_item_title_style_default\">Contact details<\/h6><h2 class=\"sc_item_title sc_title_title sc_align_left sc_item_title_style_default sc_item_title_tag\">We are here <br>for you<\/h2><\/div><!-- \/.sc_title -->\n\t<div class=\"wpb_text_column wpb_content_element vc_custom_1737461706195\" >\n\t\t<div class=\"wpb_wrapper\">\n\t\t\t<h6 class=\"trx_addons_no_margin\">Address<\/h6>\n<p>Kou\u0159imsk\u00e1 104\/3, 284 01 Kutn\u00e1 Hora 1-\u017di\u017ekov<\/p>\n\n\t\t<\/div>\n\t<\/div>\n\n\t<div class=\"wpb_text_column wpb_content_element vc_custom_1737461756270\" >\n\t\t<div class=\"wpb_wrapper\">\n\t\t\t<h6 class=\"trx_addons_no_margin\">Telephone<\/h6>\n<p><a href=\"tel:+420725751911\">+420 725 751 911<\/a><\/p>\n\n\t\t<\/div>\n\t<\/div>\n\n\t<div class=\"wpb_text_column wpb_content_element\" >\n\t\t<div class=\"wpb_wrapper\">\n\t\t\t<h6 class=\"trx_addons_no_margin\">E-mail<\/h6>\n<p><a href=\"mailto:tomas@stribrsky.eu\">tomas@stribrsky.eu<\/a><\/p>\n\n\t\t<\/div>\n\t<\/div>\n<\/div><\/div><\/div><\/div><div class=\"vc_row-full-width vc_clearfix\"><\/div>\n<\/div>","protected":false},"excerpt":{"rendered":"HomeO n\u00e1s O n\u00e1s O n\u00e1sNa\u0161e vize, zku\u0161enosti a z\u00e1vazek k va\u0161\u00ed spokojenostiSt\u0159\u00edbrsk\u00fd s.r.o. je mont\u00e1\u017en\u00ed firma se z\u00e1kladnou v Kutn\u00e9 Ho\u0159e, kter\u00e1 se specializuje na instalaci komer\u010dn\u00edch prostor, kuchyn\u00ed a zak\u00e1zkovou v\u00fdrobu. Na\u0161i odborn\u00edci maj\u00ed zku\u0161enosti s realizac\u00ed projekt\u016f po cel\u00e9 Evrop\u011b, kde db\u00e1me na ka\u017ed\u00fd detail a vysokou kvalitu zpracov\u00e1n\u00ed. Popt\u00e1vkaSpolehliv\u00e1 \u0159e\u0161en\u00ed pro v\u00e1\u0161 interi\u00e9r Na\u0161e slu\u017eby zahrnuj\u00ed&hellip;","protected":false},"author":1,"featured_media":0,"parent":0,"menu_order":0,"comment_status":"closed","ping_status":"closed","template":"","meta":{"footnotes":""},"folder":[62],"class_list":["post-89","page","type-page","status-publish","hentry"],"_links":{"self":[{"href":"https:\/\/stribrsky.eu\/en\/wp-json\/wp\/v2\/pages\/89","targetHints":{"allow":["GET"]}}],"collection":[{"href":"https:\/\/stribrsky.eu\/en\/wp-json\/wp\/v2\/pages"}],"about":[{"href":"https:\/\/stribrsky.eu\/en\/wp-json\/wp\/v2\/types\/page"}],"author":[{"embeddable":true,"href":"https:\/\/stribrsky.eu\/en\/wp-json\/wp\/v2\/users\/1"}],"replies":[{"embeddable":true,"href":"https:\/\/stribrsky.eu\/en\/wp-json\/wp\/v2\/comments?post=89"}],"version-history":[{"count":11,"href":"https:\/\/stribrsky.eu\/en\/wp-json\/wp\/v2\/pages\/89\/revisions"}],"predecessor-version":[{"id":1057,"href":"https:\/\/stribrsky.eu\/en\/wp-json\/wp\/v2\/pages\/89\/revisions\/1057"}],"wp:attachment":[{"href":"https:\/\/stribrsky.eu\/en\/wp-json\/wp\/v2\/media?parent=89"}],"wp:term":[{"taxonomy":"folder","embeddable":true,"href":"https:\/\/stribrsky.eu\/en\/wp-json\/wp\/v2\/folder?post=89"}],"curies":[{"name":"wp","href":"https:\/\/api.w.org\/{rel}","templated":true}]}}