





















{"id":1226,"date":"2025-02-15T17:05:48","date_gmt":"2025-02-15T17:05:48","guid":{"rendered":"https:\/\/stribrsky.eu\/?page_id=1226"},"modified":"2025-02-15T18:42:45","modified_gmt":"2025-02-15T18:42:45","slug":"vyrobni-divize-2","status":"publish","type":"page","link":"https:\/\/stribrsky.eu\/en\/vyrobni-divize-2\/","title":{"rendered":"Manufacturing Division"},"content":{"rendered":"<div class=\"wpb-content-wrapper\"><div data-vc-full-width=\"true\" data-vc-full-width-init=\"false\" class=\"vc_row wpb_row vc_row-fluid vc_custom_1739643658625 vc_row-has-fill sc_layouts_row sc_layouts_row_type_normal sc_layouts_hide_on_frontpage scheme_dark\"><div class=\"wpb_column vc_column_container vc_col-sm-12 sc_layouts_column sc_layouts_column_align_center sc_layouts_column_icons_position_left\"><div class=\"vc_column-inner\"><div class=\"wpb_wrapper\">\n\t<div class=\"wpb_text_column wpb_content_element\" >\n\t\t<div class=\"wpb_wrapper\">\n\t\t\t<div id=\"sc_content_1316904646\"\n\t\tclass=\"sc_content color_style_default sc_content_default sc_content_width_1_1 sc_float_center\"><div class=\"sc_content_container\"><div id=\"sc_layouts_title_524855436\" class=\"sc_layouts_title with_content sc_align_left\"><div class=\"sc_layouts_title_content\"><div class=\"sc_layouts_title_breadcrumbs\"><div class=\"breadcrumbs\"><a class=\"breadcrumbs_item home\" href=\"https:\/\/stribrsky.eu\/en\/\">Home<\/a><span class=\"breadcrumbs_delimiter\"><\/span><span class=\"breadcrumbs_item current\">Manufacturing Division<\/span><\/div><\/div><div class=\"sc_layouts_title_title\">\t\t\t\t\t\t\t<h1 class=\"sc_layouts_title_caption\">Manufacturing Division<\/h1>\n\t\t\t\t\t\t\t<\/div><\/div><!-- .sc_layouts_title_content --><\/div><!-- \/.sc_layouts_title --><\/div><\/div><!-- \/.sc_content -->\n\n\t\t<\/div>\n\t<\/div>\n<\/div><\/div><\/div><\/div><div class=\"vc_row-full-width vc_clearfix\"><\/div><div data-vc-full-width=\"true\" data-vc-full-width-init=\"false\" data-vc-stretch-content=\"true\" class=\"vc_row wpb_row vc_row-fluid vc_custom_1737726822507 vc_column-gap-35 vc_row-o-equal-height vc_row-o-content-middle vc_row-flex\"><div class=\"wpb_column vc_column_container vc_col-sm-6 sc_layouts_column_icons_position_left\"><div class=\"vc_column-inner\"><div class=\"wpb_wrapper\"><div id=\"sc_title_125360554\"\n\t\tclass=\"sc_title color_style_default sc_title_default\"><h5 class=\"sc_item_title sc_title_title sc_align_left sc_item_title_style_default sc_item_title_tag\">Bespoke manufacturing<\/h5><\/div><!-- \/.sc_title --><div class=\"vc_empty_space  height_tiny\"   style=\"height: 32px\"><span class=\"vc_empty_space_inner\"><\/span><\/div>\n\t<div class=\"wpb_text_column wpb_content_element\" >\n\t\t<div class=\"wpb_wrapper\">\n\t\t\t<p>Vysoce kvalitn\u00ed v\u00fdroba na m\u00edru<\/p>\n\n\t\t<\/div>\n\t<\/div>\n<div class=\"vc_empty_space  height_small\"   style=\"height: 32px\"><span class=\"vc_empty_space_inner\"><\/span><\/div>\n\t<div class=\"wpb_text_column wpb_content_element\" >\n\t\t<div class=\"wpb_wrapper\">\n\t\t\t<p>Zak\u00e1zkov\u00e1 v\u00fdroba je na\u0161\u00ed specializac\u00ed, kter\u00e1 umo\u017e\u0148uje vytv\u00e1\u0159et produkty p\u0159esn\u011b podle po\u017eadavk\u016f a p\u0159edstav na\u0161ich klient\u016f. Od n\u00e1vrhu a\u017e po realizaci se zam\u011b\u0159ujeme na detaily a kvalitu, abychom splnili v\u0161echny technick\u00e9 i estetick\u00e9 po\u017eadavky. Na\u0161i odborn\u00edci pracuj\u00ed s nejmodern\u011bj\u0161\u00edmi technologiemi a materi\u00e1ly, kter\u00e9 garantuj\u00ed v\u00fdborn\u00fd v\u00fdsledek. A\u0165 u\u017e se jedn\u00e1 o v\u00fdrobu n\u00e1bytku, reg\u00e1lov\u00fdch syst\u00e9m\u016f nebo jin\u00fdch specifick\u00fdch produkt\u016f, na\u0161e zak\u00e1zkov\u00e1 v\u00fdroba je v\u017edy p\u0159ipravena nab\u00eddnout ide\u00e1ln\u00ed \u0159e\u0161en\u00ed.<\/p>\n<p>Ka\u017ed\u00fd projekt v zak\u00e1zkov\u00e9 v\u00fdrob\u011b za\u010d\u00edn\u00e1 podrobn\u00fdm pl\u00e1nov\u00e1n\u00edm a anal\u00fdzou pot\u0159eb klienta. Na z\u00e1klad\u011b t\u011bchto informac\u00ed vytv\u00e1\u0159\u00edme n\u00e1vrhy a realizujeme v\u00fdrobn\u00ed proces, kter\u00fd zaru\u010duje maxim\u00e1ln\u00ed spokojenost. Na\u0161\u00edm c\u00edlem je nab\u00eddnout produkty, kter\u00e9 odpov\u00eddaj\u00ed nejen funk\u010dn\u00edm, ale i estetick\u00fdm po\u017eadavk\u016fm, a to v\u0161e p\u0159i zachov\u00e1n\u00ed vysok\u00e9 \u00farovn\u011b kvality. V\u0161echny na\u0161e v\u00fdrobky jsou vyr\u00e1b\u011bny s ohledem na dlouhou \u017eivotnost a snadnou \u00fadr\u017ebu, aby na\u0161im klient\u016fm slou\u017eily dlouh\u00e1 l\u00e9ta.<\/p>\n\n\t\t<\/div>\n\t<\/div>\n<div class=\"vc_empty_space  height_small\"   style=\"height: 50px\"><span class=\"vc_empty_space_inner\"><\/span><\/div><a href=\"\/en\/kontakt\/\" id=\"sc_button_996967793\" class=\"sc_button color_style_default sc_button_simple_line sc_button_size_normal sc_button_icon_left\"><span class=\"sc_button_text\"><span class=\"sc_button_title\">Enquiry<\/span><\/span><!-- \/.sc_button_text --><\/a><!-- \/.sc_button --><div class=\"vc_empty_space  height_small\"   style=\"height: 50px\"><span class=\"vc_empty_space_inner\"><\/span><\/div><\/div><\/div><\/div><div class=\"wpb_column vc_column_container vc_col-sm-6 sc_layouts_column_icons_position_left\"><div class=\"vc_column-inner vc_custom_1737726782794\"><div class=\"wpb_wrapper\">\n\t<div  class=\"wpb_single_image wpb_content_element vc_align_right wpb_content_element\">\n\t\t\n\t\t<figure class=\"wpb_wrapper vc_figure\">\n\t\t\t<div class=\"vc_single_image-wrapper   vc_box_border_grey\"><img decoding=\"async\" class=\"vc_single_image-img lazyload\" data-src=\"https:\/\/stribrsky.eu\/wp-content\/uploads\/2025\/01\/20210820_111241-ezgif.com-webp-to-jpg-converter-Large-931x935.jpg\" width=\"931\" height=\"935\" alt=\"20210820_111241-ezgif.com-webp-to-jpg-converter (Large)\" title=\"20210820_111241-ezgif.com-webp-to-jpg-converter (Large)\" src=\"data:image\/gif;base64,R0lGODlhAQABAAAAACH5BAEKAAEALAAAAAABAAEAAAICTAEAOw==\" style=\"--smush-placeholder-width: 931px; --smush-placeholder-aspect-ratio: 931\/935;\" \/><\/div>\n\t\t<\/figure>\n\t<\/div>\n<\/div><\/div><\/div><\/div><div class=\"vc_row-full-width vc_clearfix\"><\/div>\n<\/div>","protected":false},"excerpt":{"rendered":"HomeV\u00fdrobn\u00ed divize V\u00fdrobn\u00ed divize Zak\u00e1zkov\u00e1 v\u00fdroba Vysoce kvalitn\u00ed v\u00fdroba na m\u00edru Zak\u00e1zkov\u00e1 v\u00fdroba je na\u0161\u00ed specializac\u00ed, kter\u00e1 umo\u017e\u0148uje vytv\u00e1\u0159et produkty p\u0159esn\u011b podle po\u017eadavk\u016f a p\u0159edstav na\u0161ich klient\u016f. Od n\u00e1vrhu a\u017e po realizaci se zam\u011b\u0159ujeme na detaily a kvalitu, abychom splnili v\u0161echny technick\u00e9 i estetick\u00e9 po\u017eadavky. Na\u0161i odborn\u00edci pracuj\u00ed s nejmodern\u011bj\u0161\u00edmi technologiemi a materi\u00e1ly, kter\u00e9 garantuj\u00ed v\u00fdborn\u00fd v\u00fdsledek. A\u0165 u\u017e se&hellip;","protected":false},"author":1,"featured_media":0,"parent":0,"menu_order":0,"comment_status":"closed","ping_status":"closed","template":"","meta":{"footnotes":""},"folder":[62],"class_list":["post-1226","page","type-page","status-publish","hentry"],"_links":{"self":[{"href":"https:\/\/stribrsky.eu\/en\/wp-json\/wp\/v2\/pages\/1226","targetHints":{"allow":["GET"]}}],"collection":[{"href":"https:\/\/stribrsky.eu\/en\/wp-json\/wp\/v2\/pages"}],"about":[{"href":"https:\/\/stribrsky.eu\/en\/wp-json\/wp\/v2\/types\/page"}],"author":[{"embeddable":true,"href":"https:\/\/stribrsky.eu\/en\/wp-json\/wp\/v2\/users\/1"}],"replies":[{"embeddable":true,"href":"https:\/\/stribrsky.eu\/en\/wp-json\/wp\/v2\/comments?post=1226"}],"version-history":[{"count":3,"href":"https:\/\/stribrsky.eu\/en\/wp-json\/wp\/v2\/pages\/1226\/revisions"}],"predecessor-version":[{"id":1239,"href":"https:\/\/stribrsky.eu\/en\/wp-json\/wp\/v2\/pages\/1226\/revisions\/1239"}],"wp:attachment":[{"href":"https:\/\/stribrsky.eu\/en\/wp-json\/wp\/v2\/media?parent=1226"}],"wp:term":[{"taxonomy":"folder","embeddable":true,"href":"https:\/\/stribrsky.eu\/en\/wp-json\/wp\/v2\/folder?post=1226"}],"curies":[{"name":"wp","href":"https:\/\/api.w.org\/{rel}","templated":true}]}}