





















{"id":1225,"date":"2025-02-15T17:05:57","date_gmt":"2025-02-15T17:05:57","guid":{"rendered":"https:\/\/stribrsky.eu\/?page_id=1225"},"modified":"2025-02-15T18:50:28","modified_gmt":"2025-02-15T18:50:28","slug":"stavebni-divize","status":"publish","type":"page","link":"https:\/\/stribrsky.eu\/en\/stavebni-divize\/","title":{"rendered":"Construction Division"},"content":{"rendered":"<div class=\"wpb-content-wrapper\"><div data-vc-full-width=\"true\" data-vc-full-width-init=\"false\" class=\"vc_row wpb_row vc_row-fluid vc_custom_1739643680428 vc_row-has-fill sc_layouts_row sc_layouts_row_type_normal sc_layouts_hide_on_frontpage scheme_dark\"><div class=\"wpb_column vc_column_container vc_col-sm-12 sc_layouts_column sc_layouts_column_align_center sc_layouts_column_icons_position_left\"><div class=\"vc_column-inner\"><div class=\"wpb_wrapper\">\n\t<div class=\"wpb_text_column wpb_content_element\" >\n\t\t<div class=\"wpb_wrapper\">\n\t\t\t<div id=\"sc_content_48973138\"\n\t\tclass=\"sc_content color_style_default sc_content_default sc_content_width_1_1 sc_float_center\"><div class=\"sc_content_container\"><div id=\"sc_layouts_title_1693311793\" class=\"sc_layouts_title with_content sc_align_left\"><div class=\"sc_layouts_title_content\"><div class=\"sc_layouts_title_breadcrumbs\"><div class=\"breadcrumbs\"><a class=\"breadcrumbs_item home\" href=\"https:\/\/stribrsky.eu\/en\/\">Home<\/a><span class=\"breadcrumbs_delimiter\"><\/span><span class=\"breadcrumbs_item current\">Construction Division<\/span><\/div><\/div><div class=\"sc_layouts_title_title\">\t\t\t\t\t\t\t<h1 class=\"sc_layouts_title_caption\">Construction Division<\/h1>\n\t\t\t\t\t\t\t<\/div><\/div><!-- .sc_layouts_title_content --><\/div><!-- \/.sc_layouts_title --><\/div><\/div><!-- \/.sc_content -->\n\n\t\t<\/div>\n\t<\/div>\n<\/div><\/div><\/div><\/div><div class=\"vc_row-full-width vc_clearfix\"><\/div><div data-vc-full-width=\"true\" data-vc-full-width-init=\"false\" data-vc-stretch-content=\"true\" class=\"vc_row wpb_row vc_row-fluid vc_custom_1737726822507 vc_column-gap-35 vc_row-o-equal-height vc_row-o-content-middle vc_row-flex\"><div class=\"wpb_column vc_column_container vc_col-sm-6 sc_layouts_column_icons_position_left\"><div class=\"vc_column-inner\"><div class=\"wpb_wrapper\"><div id=\"sc_title_737721172\"\n\t\tclass=\"sc_title color_style_default sc_title_default\"><h5 class=\"sc_item_title sc_title_title sc_align_left sc_item_title_style_default sc_item_title_tag\">Excavation work<\/h5><\/div><!-- \/.sc_title --><div class=\"vc_empty_space  height_tiny\"   style=\"height: 32px\"><span class=\"vc_empty_space_inner\"><\/span><\/div>\n\t<div class=\"wpb_text_column wpb_content_element\" >\n\t\t<div class=\"wpb_wrapper\">\n\t\t\t<p>Spolehliv\u00e9 a precizn\u00ed v\u00fdkopov\u00e9 pr\u00e1ce pro ka\u017ed\u00fd projekt<\/p>\n\n\t\t<\/div>\n\t<\/div>\n<div class=\"vc_empty_space  height_small\"   style=\"height: 32px\"><span class=\"vc_empty_space_inner\"><\/span><\/div>\n\t<div class=\"wpb_text_column wpb_content_element\" >\n\t\t<div class=\"wpb_wrapper\">\n\t\t\t<p>Na\u0161e v\u00fdkopov\u00e9 pr\u00e1ce zahrnuj\u00ed \u0161irokou \u0161k\u00e1lu slu\u017eeb, od z\u00e1kladn\u00edch v\u00fdkop\u016f pro p\u0159\u00edpravu stavebn\u00edch z\u00e1klad\u016f a\u017e po n\u00e1ro\u010dn\u011bj\u0161\u00ed ter\u00e9nn\u00ed \u00fapravy. V\u017edy klademe d\u016fraz na p\u0159esnost a efektivitu, aby byly spln\u011bny v\u0161echny technick\u00e9 po\u017eadavky a \u010dasov\u00e9 term\u00edny. Na\u0161im klient\u016fm poskytujeme komplexn\u00ed slu\u017eby, kter\u00e9 zahrnuj\u00ed nejen samotn\u00fd v\u00fdkop, ale i dal\u0161\u00ed souvisej\u00edc\u00ed \u010dinnosti, jako je odvodn\u011bn\u00ed nebo \u00fapravy ter\u00e9nu. V\u0161echny pr\u00e1ce jsou prov\u00e1d\u011bny v souladu s bezpe\u010dnostn\u00edmi normami a standardy kvality.<\/p>\n<p>N\u00e1\u0161 t\u00fdm profesion\u00e1l\u016f disponuje modern\u00ed technikou, kter\u00e1 zaru\u010duje efektivn\u00ed a rychl\u00e9 proveden\u00ed v\u00fdkopov\u00fdch prac\u00ed. D\u016fsledn\u011b db\u00e1me na minim\u00e1ln\u00ed z\u00e1sah do okoln\u00edho prost\u0159ed\u00ed a na maxim\u00e1ln\u00ed kvalitu ka\u017ed\u00e9ho kroku. A\u0165 u\u017e jde o p\u0159\u00edpravu pro stavbu rodinn\u00e9ho domu, in\u017een\u00fdrsk\u00e9 s\u00edt\u011b nebo jin\u00e9 objekty, v\u017edy se p\u0159izp\u016fsob\u00edme specifick\u00fdm po\u017eadavk\u016fm klienta. V\u00fdkopov\u00e9 pr\u00e1ce prov\u00e1d\u00edme nejen v kr\u00e1tk\u00e9m \u010dase, ale tak\u00e9 s ohledem na dlouhodobou funk\u010dnost a stabilitu v\u00fdsledn\u00e9ho ter\u00e9nu.<\/p>\n\n\t\t<\/div>\n\t<\/div>\n<div class=\"vc_empty_space  height_small\"   style=\"height: 50px\"><span class=\"vc_empty_space_inner\"><\/span><\/div><a href=\"\/en\/kontakt\/\" id=\"sc_button_1303598566\" class=\"sc_button color_style_default sc_button_simple_line sc_button_size_normal sc_button_icon_left\"><span class=\"sc_button_text\"><span class=\"sc_button_title\">Enquiry<\/span><\/span><!-- \/.sc_button_text --><\/a><!-- \/.sc_button --><div class=\"vc_empty_space  height_small\"   style=\"height: 50px\"><span class=\"vc_empty_space_inner\"><\/span><\/div><\/div><\/div><\/div><div class=\"wpb_column vc_column_container vc_col-sm-6 sc_layouts_column_icons_position_left\"><div class=\"vc_column-inner vc_custom_1737726782794\"><div class=\"wpb_wrapper\">\n\t<div  class=\"wpb_single_image wpb_content_element vc_align_right wpb_content_element\">\n\t\t\n\t\t<figure class=\"wpb_wrapper vc_figure\">\n\t\t\t<div class=\"vc_single_image-wrapper   vc_box_border_grey\"><img decoding=\"async\" class=\"vc_single_image-img lazyload\" data-src=\"https:\/\/stribrsky.eu\/wp-content\/uploads\/2025\/02\/excavator-shovel-digging-on-dirt-2024-12-04-07-45-53-utc-2-Large-720x935.jpeg\" width=\"720\" height=\"935\" alt=\"excavator-shovel-digging-on-dirt-2024-12-04-07-45-53-utc 2 (Large)\" title=\"excavator-shovel-digging-on-dirt-2024-12-04-07-45-53-utc 2 (Large)\" src=\"data:image\/gif;base64,R0lGODlhAQABAAAAACH5BAEKAAEALAAAAAABAAEAAAICTAEAOw==\" style=\"--smush-placeholder-width: 720px; --smush-placeholder-aspect-ratio: 720\/935;\" \/><\/div>\n\t\t<\/figure>\n\t<\/div>\n<\/div><\/div><\/div><\/div><div class=\"vc_row-full-width vc_clearfix\"><\/div><div data-vc-full-width=\"true\" data-vc-full-width-init=\"false\" data-vc-stretch-content=\"true\" class=\"vc_row wpb_row vc_row-fluid vc_column-gap-35 vc_row-o-equal-height vc_row-o-content-middle vc_row-flex\"><div class=\"wpb_column vc_column_container vc_col-sm-6 sc_layouts_column_icons_position_left\"><div class=\"vc_column-inner vc_custom_1737884782570\"><div class=\"wpb_wrapper\">\n\t<div  class=\"wpb_single_image wpb_content_element vc_align_left wpb_content_element\">\n\t\t\n\t\t<figure class=\"wpb_wrapper vc_figure\">\n\t\t\t<div class=\"vc_single_image-wrapper   vc_box_border_grey\"><img decoding=\"async\" class=\"vc_single_image-img lazyload\" data-src=\"https:\/\/stribrsky.eu\/wp-content\/uploads\/2025\/02\/interior-construction-of-housing-project-with-dryw-2023-11-27-04-52-41-utc-2-Large-831x935.jpeg\" width=\"831\" height=\"935\" alt=\"interior-construction-of-housing-project-with-dryw-2023-11-27-04-52-41-utc 2 (Large)\" title=\"interior-construction-of-housing-project-with-dryw-2023-11-27-04-52-41-utc 2 (Large)\" src=\"data:image\/gif;base64,R0lGODlhAQABAAAAACH5BAEKAAEALAAAAAABAAEAAAICTAEAOw==\" style=\"--smush-placeholder-width: 831px; --smush-placeholder-aspect-ratio: 831\/935;\" \/><\/div>\n\t\t<\/figure>\n\t<\/div>\n<\/div><\/div><\/div><div class=\"wpb_column vc_column_container vc_col-sm-6 sc_layouts_column_icons_position_left\"><div class=\"vc_column-inner\"><div class=\"wpb_wrapper\"><div id=\"sc_title_392878746\"\n\t\tclass=\"sc_title color_style_default sc_title_default\"><h5 class=\"sc_item_title sc_title_title sc_align_left sc_item_title_style_default sc_item_title_tag\">Finishing building works<\/h5><\/div><!-- \/.sc_title --><div class=\"vc_empty_space  height_tiny\"   style=\"height: 32px\"><span class=\"vc_empty_space_inner\"><\/span><\/div>\n\t<div class=\"wpb_text_column wpb_content_element\" >\n\t\t<div class=\"wpb_wrapper\">\n\t\t\t<p>Kvalitn\u00ed dokon\u010dovac\u00ed pr\u00e1ce pro dokonal\u00fd v\u00fdsledek<\/p>\n\n\t\t<\/div>\n\t<\/div>\n<div class=\"vc_empty_space  height_small\"   style=\"height: 32px\"><span class=\"vc_empty_space_inner\"><\/span><\/div>\n\t<div class=\"wpb_text_column wpb_content_element\" >\n\t\t<div class=\"wpb_wrapper\">\n\t\t\t<p>Dokon\u010dovac\u00ed stavebn\u00ed pr\u00e1ce jsou kl\u00ed\u010dov\u00e9 pro celkov\u00fd vzhled a funk\u010dnost ka\u017ed\u00e9ho projektu. Na\u0161e slu\u017eby zahrnuj\u00ed \u0161irokou \u0161k\u00e1lu \u010dinnost\u00ed, jako je instalace podlahov\u00fdch krytin, malov\u00e1n\u00ed, obklady, osazov\u00e1n\u00ed oken, dve\u0159\u00ed a dal\u0161\u00ed dokon\u010dovac\u00ed detaily, kter\u00e9 d\u00e1vaj\u00ed stavb\u011b fin\u00e1ln\u00ed podobu. V\u011bnujeme se jak men\u0161\u00edm rekonstrukc\u00edm, tak velk\u00fdm komer\u010dn\u00edm a reziden\u010dn\u00edm projekt\u016fm, v\u017edy s c\u00edlem dos\u00e1hnout perfektn\u00edho v\u00fdsledku. Klademe d\u016fraz na kvalitn\u00ed materi\u00e1ly a pe\u010dlivou pr\u00e1ci, aby ka\u017ed\u00e1 \u010d\u00e1st stavby byla dokon\u010dena do posledn\u00edho detailu.<\/p>\n<p>Na\u0161i odborn\u00edci maj\u00ed dlouholet\u00e9 zku\u0161enosti a pou\u017e\u00edvaj\u00ed modern\u00ed technologie a materi\u00e1ly, co\u017e n\u00e1m umo\u017e\u0148uje realizovat projekty efektivn\u011b a s ohledem na v\u0161echny bezpe\u010dnostn\u00ed normy. Ka\u017ed\u00fd krok, od instalace a\u017e po fin\u00e1ln\u00ed \u00fapravy, je prov\u00e1d\u011bn s maxim\u00e1ln\u00ed preciznost\u00ed, abychom zajistili dlouhou \u017eivotnost a estetiku prostoru. Na\u0161\u00edm c\u00edlem je v\u017edy dos\u00e1hnout v\u00fdsledku, kter\u00fd nejen odpov\u00edd\u00e1, ale i p\u0159evy\u0161uje o\u010dek\u00e1v\u00e1n\u00ed na\u0161ich klient\u016f.<\/p>\n\n\t\t<\/div>\n\t<\/div>\n<div class=\"vc_empty_space  height_small\"   style=\"height: 50px\"><span class=\"vc_empty_space_inner\"><\/span><\/div><a href=\"\/en\/kontakt\/\" id=\"sc_button_1283181787\" class=\"sc_button color_style_default sc_button_simple_line sc_button_size_normal sc_button_icon_left\"><span class=\"sc_button_text\"><span class=\"sc_button_title\">Enquiry<\/span><\/span><!-- \/.sc_button_text --><\/a><!-- \/.sc_button --><div class=\"vc_empty_space  height_small\"   style=\"height: 50px\"><span class=\"vc_empty_space_inner\"><\/span><\/div><\/div><\/div><\/div><\/div><div class=\"vc_row-full-width vc_clearfix\"><\/div><div data-vc-full-width=\"true\" data-vc-full-width-init=\"false\" data-vc-stretch-content=\"true\" class=\"vc_row wpb_row vc_row-fluid vc_column-gap-35 vc_row-o-equal-height vc_row-o-content-middle vc_row-flex\"><div class=\"wpb_column vc_column_container vc_col-sm-6 sc_layouts_column_icons_position_left\"><div class=\"vc_column-inner\"><div class=\"wpb_wrapper\"><div id=\"sc_title_1858533444\"\n\t\tclass=\"sc_title color_style_default sc_title_default\"><h5 class=\"sc_item_title sc_title_title sc_align_left sc_item_title_style_default sc_item_title_tag\">Building preparation for kitchens<\/h5><\/div><!-- \/.sc_title --><div class=\"vc_empty_space  height_tiny\"   style=\"height: 32px\"><span class=\"vc_empty_space_inner\"><\/span><\/div>\n\t<div class=\"wpb_text_column wpb_content_element\" >\n\t\t<div class=\"wpb_wrapper\">\n\t\t\t<p>P\u0159\u00edprava prostoru pro bezprobl\u00e9movou mont\u00e1\u017e kuchyn\u011b<\/p>\n\n\t\t<\/div>\n\t<\/div>\n<div class=\"vc_empty_space  height_small\"   style=\"height: 32px\"><span class=\"vc_empty_space_inner\"><\/span><\/div>\n\t<div class=\"wpb_text_column wpb_content_element\" >\n\t\t<div class=\"wpb_wrapper\">\n\t\t\t<p>Stavebn\u00ed p\u0159\u00edprava pro kuchyn\u011b je nezbytn\u00fd krok p\u0159ed vlastn\u00ed mont\u00e1\u017e\u00ed kuchy\u0148sk\u00fdch prvk\u016f. Na\u0161e slu\u017eba zahrnuje v\u0161echny \u00fapravy a p\u0159\u00edpravy, kter\u00e9 jsou nutn\u00e9 pro spr\u00e1vnou instalaci kuchyn\u011b. Pat\u0159\u00ed sem nap\u0159\u00edklad vybudov\u00e1n\u00ed pot\u0159ebn\u00fdch infrastruktur, jako jsou elektroinstalace, vodovodn\u00ed a kanaliza\u010dn\u00ed p\u0159\u00edpojky, \u00faprava podlah, st\u011bn nebo strop\u016f, aby v\u0161e bylo p\u0159ipraveno pro fin\u00e1ln\u00ed mont\u00e1\u017e. Ka\u017ed\u00fd projekt je p\u0159izp\u016fsoben specifick\u00fdm pot\u0159eb\u00e1m dan\u00e9ho prostoru.<\/p>\n<p>Na\u0161i odborn\u00edci dbaj\u00ed na preciznost a p\u0159esnost p\u0159i prov\u00e1d\u011bn\u00ed stavebn\u00edch \u00faprav, \u010d\u00edm\u017e se zaji\u0161\u0165uje, \u017ee kuchyn\u011b bude nejen funk\u010dn\u00ed, ale i esteticky dokonal\u00e1. S ohledem na po\u017eadavky klienta, velikost a dispozice prostoru, zajist\u00edme optim\u00e1ln\u00ed p\u0159\u00edpravu, kter\u00e1 umo\u017en\u00ed bezprobl\u00e9movou a rychlou mont\u00e1\u017e kuchyn\u011b. V\u0161echny kroky jsou prov\u00e1d\u011bny v souladu s platn\u00fdmi normami a bezpe\u010dnostn\u00edmi p\u0159edpisy, abychom zajistili vysokou kvalitu a dlouhou \u017eivotnost celkov\u00e9ho v\u00fdsledku.<\/p>\n\n\t\t<\/div>\n\t<\/div>\n<div class=\"vc_empty_space  height_small\"   style=\"height: 50px\"><span class=\"vc_empty_space_inner\"><\/span><\/div><a href=\"\/en\/kontakt\/\" id=\"sc_button_300827613\" class=\"sc_button color_style_default sc_button_simple_line sc_button_size_normal sc_button_icon_left\"><span class=\"sc_button_text\"><span class=\"sc_button_title\">Enquiry<\/span><\/span><!-- \/.sc_button_text --><\/a><!-- \/.sc_button --><div class=\"vc_empty_space  height_small\"   style=\"height: 50px\"><span class=\"vc_empty_space_inner\"><\/span><\/div><\/div><\/div><\/div><div class=\"wpb_column vc_column_container vc_col-sm-6 sc_layouts_column_icons_position_left\"><div class=\"vc_column-inner vc_custom_1737725732931\"><div class=\"wpb_wrapper\">\n\t<div  class=\"wpb_single_image wpb_content_element vc_align_right wpb_content_element\">\n\t\t\n\t\t<figure class=\"wpb_wrapper vc_figure\">\n\t\t\t<div class=\"vc_single_image-wrapper   vc_box_border_grey\"><img decoding=\"async\" class=\"vc_single_image-img lazyload\" data-src=\"https:\/\/stribrsky.eu\/wp-content\/uploads\/2025\/02\/building-a-new-kitchen-2024-12-06-02-46-56-utc-3-Large-720x935.jpeg\" width=\"720\" height=\"935\" alt=\"building-a-new-kitchen-2024-12-06-02-46-56-utc 3 (Large)\" title=\"building-a-new-kitchen-2024-12-06-02-46-56-utc 3 (Large)\" src=\"data:image\/gif;base64,R0lGODlhAQABAAAAACH5BAEKAAEALAAAAAABAAEAAAICTAEAOw==\" style=\"--smush-placeholder-width: 720px; --smush-placeholder-aspect-ratio: 720\/935;\" \/><\/div>\n\t\t<\/figure>\n\t<\/div>\n<\/div><\/div><\/div><\/div><div class=\"vc_row-full-width vc_clearfix\"><\/div>\n<\/div>","protected":false},"excerpt":{"rendered":"HomeStavebn\u00ed divize Stavebn\u00ed divize V\u00fdkopov\u00e9 pr\u00e1ce Spolehliv\u00e9 a precizn\u00ed v\u00fdkopov\u00e9 pr\u00e1ce pro ka\u017ed\u00fd projekt Na\u0161e v\u00fdkopov\u00e9 pr\u00e1ce zahrnuj\u00ed \u0161irokou \u0161k\u00e1lu slu\u017eeb, od z\u00e1kladn\u00edch v\u00fdkop\u016f pro p\u0159\u00edpravu stavebn\u00edch z\u00e1klad\u016f a\u017e po n\u00e1ro\u010dn\u011bj\u0161\u00ed ter\u00e9nn\u00ed \u00fapravy. V\u017edy klademe d\u016fraz na p\u0159esnost a efektivitu, aby byly spln\u011bny v\u0161echny technick\u00e9 po\u017eadavky a \u010dasov\u00e9 term\u00edny. Na\u0161im klient\u016fm poskytujeme komplexn\u00ed slu\u017eby, kter\u00e9 zahrnuj\u00ed nejen samotn\u00fd v\u00fdkop, ale&hellip;","protected":false},"author":1,"featured_media":0,"parent":0,"menu_order":0,"comment_status":"closed","ping_status":"closed","template":"","meta":{"footnotes":""},"folder":[62],"class_list":["post-1225","page","type-page","status-publish","hentry"],"_links":{"self":[{"href":"https:\/\/stribrsky.eu\/en\/wp-json\/wp\/v2\/pages\/1225","targetHints":{"allow":["GET"]}}],"collection":[{"href":"https:\/\/stribrsky.eu\/en\/wp-json\/wp\/v2\/pages"}],"about":[{"href":"https:\/\/stribrsky.eu\/en\/wp-json\/wp\/v2\/types\/page"}],"author":[{"embeddable":true,"href":"https:\/\/stribrsky.eu\/en\/wp-json\/wp\/v2\/users\/1"}],"replies":[{"embeddable":true,"href":"https:\/\/stribrsky.eu\/en\/wp-json\/wp\/v2\/comments?post=1225"}],"version-history":[{"count":3,"href":"https:\/\/stribrsky.eu\/en\/wp-json\/wp\/v2\/pages\/1225\/revisions"}],"predecessor-version":[{"id":1241,"href":"https:\/\/stribrsky.eu\/en\/wp-json\/wp\/v2\/pages\/1225\/revisions\/1241"}],"wp:attachment":[{"href":"https:\/\/stribrsky.eu\/en\/wp-json\/wp\/v2\/media?parent=1225"}],"wp:term":[{"taxonomy":"folder","embeddable":true,"href":"https:\/\/stribrsky.eu\/en\/wp-json\/wp\/v2\/folder?post=1225"}],"curies":[{"name":"wp","href":"https:\/\/api.w.org\/{rel}","templated":true}]}}