





















{"id":1223,"date":"2025-02-15T17:03:41","date_gmt":"2025-02-15T17:03:41","guid":{"rendered":"https:\/\/stribrsky.eu\/?page_id=1223"},"modified":"2025-02-15T18:48:43","modified_gmt":"2025-02-15T18:48:43","slug":"installation-crew","status":"publish","type":"page","link":"https:\/\/stribrsky.eu\/en\/installation-crew\/","title":{"rendered":"Installation crew"},"content":{"rendered":"<div class=\"wpb-content-wrapper\"><div data-vc-full-width=\"true\" data-vc-full-width-init=\"false\" class=\"vc_row wpb_row vc_row-fluid vc_custom_1739643433702 vc_row-has-fill sc_layouts_row sc_layouts_row_type_normal sc_layouts_hide_on_frontpage scheme_dark\"><div class=\"wpb_column vc_column_container vc_col-sm-12 sc_layouts_column sc_layouts_column_align_center sc_layouts_column_icons_position_left\"><div class=\"vc_column-inner\"><div class=\"wpb_wrapper\">\n\t<div class=\"wpb_text_column wpb_content_element\" >\n\t\t<div class=\"wpb_wrapper\">\n\t\t\t<div id=\"sc_content_717568372\"\n\t\tclass=\"sc_content color_style_default sc_content_default sc_content_width_1_1 sc_float_center\"><div class=\"sc_content_container\"><div id=\"sc_layouts_title_548877883\" class=\"sc_layouts_title with_content sc_align_left\"><div class=\"sc_layouts_title_content\"><div class=\"sc_layouts_title_breadcrumbs\"><div class=\"breadcrumbs\"><a class=\"breadcrumbs_item home\" href=\"https:\/\/stribrsky.eu\/en\/\">Home<\/a><span class=\"breadcrumbs_delimiter\"><\/span><span class=\"breadcrumbs_item current\">Installation crew<\/span><\/div><\/div><div class=\"sc_layouts_title_title\">\t\t\t\t\t\t\t<h1 class=\"sc_layouts_title_caption\">Installation crew<\/h1>\n\t\t\t\t\t\t\t<\/div><\/div><!-- .sc_layouts_title_content --><\/div><!-- \/.sc_layouts_title --><\/div><\/div><!-- \/.sc_content -->\n\n\t\t<\/div>\n\t<\/div>\n<\/div><\/div><\/div><\/div><div class=\"vc_row-full-width vc_clearfix\"><\/div><div data-vc-full-width=\"true\" data-vc-full-width-init=\"false\" data-vc-stretch-content=\"true\" class=\"vc_row wpb_row vc_row-fluid vc_custom_1737726822507 vc_column-gap-35 vc_row-o-equal-height vc_row-o-content-middle vc_row-flex\"><div class=\"wpb_column vc_column_container vc_col-sm-6 sc_layouts_column_icons_position_left\"><div class=\"vc_column-inner\"><div class=\"wpb_wrapper\"><div id=\"sc_title_1631252374\"\n\t\tclass=\"sc_title color_style_default sc_title_default\"><h5 class=\"sc_item_title sc_title_title sc_align_left sc_item_title_style_default sc_item_title_tag\">Retail installations<\/h5><\/div><!-- \/.sc_title --><div class=\"vc_empty_space  height_tiny\"   style=\"height: 32px\"><span class=\"vc_empty_space_inner\"><\/span><\/div>\n\t<div class=\"wpb_text_column wpb_content_element\" >\n\t\t<div class=\"wpb_wrapper\">\n\t\t\t<p>Efektivn\u00ed mont\u00e1\u017ee pro va\u0161i prodejnu<\/p>\n\n\t\t<\/div>\n\t<\/div>\n<div class=\"vc_empty_space  height_small\"   style=\"height: 32px\"><span class=\"vc_empty_space_inner\"><\/span><\/div>\n\t<div class=\"wpb_text_column wpb_content_element\" >\n\t\t<div class=\"wpb_wrapper\">\n\t\t\t<p>Nab\u00edz\u00edme profesion\u00e1ln\u00ed mont\u00e1\u017ee reg\u00e1lov\u00fdch syst\u00e9m\u016f, vitr\u00edn, osv\u011btlen\u00ed a dal\u0161\u00edch prvk\u016f pro komer\u010dn\u00ed prostory. Ka\u017ed\u00fd projekt prov\u00e1d\u00edme s d\u016frazem na funk\u010dnost, estetiku a rychlost realizace. Na\u0161\u00ed prioritou je zajistit, aby ka\u017ed\u00fd prvek byl spr\u00e1vn\u011b um\u00edst\u011bn, a t\u00edm p\u0159isp\u011bl k vytvo\u0159en\u00ed prostorem, kter\u00fd podporuje prodeje a zaujme z\u00e1kazn\u00edky. Na\u0161e mont\u00e1\u017ee jsou prov\u00e1d\u011bny s maxim\u00e1ln\u00ed preciznost\u00ed, aby v\u0161e odpov\u00eddalo specifikac\u00edm a po\u017eadavk\u016fm klienta.<\/p>\n<p>S na\u0161\u00edm t\u00fdmem odborn\u00edk\u016f m\u00e1te jistotu rychl\u00e9ho a efektivn\u00edho dokon\u010den\u00ed projektu. D\u00edky zku\u0161enostem v oblasti retailov\u00fdch mont\u00e1\u017e\u00ed dok\u00e1\u017eeme zajistit minimalizaci zdr\u017een\u00ed a maximalizaci kvality. Ka\u017ed\u00fd krok je pe\u010dliv\u011b napl\u00e1nov\u00e1n, abychom zajistili, \u017ee v\u00fdsledn\u00fd prostor bude nejen funk\u010dn\u00ed, ale i esteticky p\u0159\u00edjemn\u00fd. Db\u00e1me na detail, bezpe\u010dnost a hladk\u00fd pr\u016fb\u011bh pr\u00e1ce, aby mont\u00e1\u017e prob\u00edhla bez zbyte\u010dn\u00fdch komplikac\u00ed a v po\u017eadovan\u00e9m term\u00ednu.<\/p>\n\n\t\t<\/div>\n\t<\/div>\n<div class=\"vc_empty_space  height_small\"   style=\"height: 50px\"><span class=\"vc_empty_space_inner\"><\/span><\/div><a href=\"\/en\/kontakt\/\" id=\"sc_button_1533727108\" class=\"sc_button color_style_default sc_button_simple_line sc_button_size_normal sc_button_icon_left\"><span class=\"sc_button_text\"><span class=\"sc_button_title\">Enquiry<\/span><\/span><!-- \/.sc_button_text --><\/a><!-- \/.sc_button --><div class=\"vc_empty_space  height_small\"   style=\"height: 50px\"><span class=\"vc_empty_space_inner\"><\/span><\/div><\/div><\/div><\/div><div class=\"wpb_column vc_column_container vc_col-sm-6 sc_layouts_column_icons_position_left\"><div class=\"vc_column-inner vc_custom_1737726782794\"><div class=\"wpb_wrapper\">\n\t<div  class=\"wpb_single_image wpb_content_element vc_align_right wpb_content_element\">\n\t\t\n\t\t<figure class=\"wpb_wrapper vc_figure\">\n\t\t\t<div class=\"vc_single_image-wrapper   vc_box_border_grey\"><img decoding=\"async\" class=\"vc_single_image-img lazyload\" data-src=\"https:\/\/stribrsky.eu\/wp-content\/uploads\/2025\/01\/MM_Berlin_Alexa_02-ezgif.com-webp-to-jpg-converter-Large-1-831x935.jpg\" width=\"831\" height=\"935\" alt=\"MM_Berlin_Alexa_02-ezgif.com-webp-to-jpg-converter (Large)\" title=\"MM_Berlin_Alexa_02-ezgif.com-webp-to-jpg-converter (Large)\" src=\"data:image\/gif;base64,R0lGODlhAQABAAAAACH5BAEKAAEALAAAAAABAAEAAAICTAEAOw==\" style=\"--smush-placeholder-width: 831px; --smush-placeholder-aspect-ratio: 831\/935;\" \/><\/div>\n\t\t<\/figure>\n\t<\/div>\n<\/div><\/div><\/div><\/div><div class=\"vc_row-full-width vc_clearfix\"><\/div><div data-vc-full-width=\"true\" data-vc-full-width-init=\"false\" data-vc-stretch-content=\"true\" class=\"vc_row wpb_row vc_row-fluid vc_column-gap-35 vc_row-o-equal-height vc_row-o-content-middle vc_row-flex\"><div class=\"wpb_column vc_column_container vc_col-sm-6 sc_layouts_column_icons_position_left\"><div class=\"vc_column-inner vc_custom_1737884782570\"><div class=\"wpb_wrapper\">\n\t<div  class=\"wpb_single_image wpb_content_element vc_align_right wpb_content_element\">\n\t\t\n\t\t<figure class=\"wpb_wrapper vc_figure\">\n\t\t\t<div class=\"vc_single_image-wrapper   vc_box_border_grey\"><img decoding=\"async\" class=\"vc_single_image-img lazyload\" data-src=\"https:\/\/stribrsky.eu\/wp-content\/uploads\/2025\/01\/20220201_185446-ezgif.com-webp-to-jpg-converter-Large-831x935.jpg\" width=\"831\" height=\"935\" alt=\"20220201_185446-ezgif.com-webp-to-jpg-converter (Large)\" title=\"20220201_185446-ezgif.com-webp-to-jpg-converter (Large)\" src=\"data:image\/gif;base64,R0lGODlhAQABAAAAACH5BAEKAAEALAAAAAABAAEAAAICTAEAOw==\" style=\"--smush-placeholder-width: 831px; --smush-placeholder-aspect-ratio: 831\/935;\" \/><\/div>\n\t\t<\/figure>\n\t<\/div>\n<\/div><\/div><\/div><div class=\"wpb_column vc_column_container vc_col-sm-6 sc_layouts_column_icons_position_left\"><div class=\"vc_column-inner\"><div class=\"wpb_wrapper\"><div id=\"sc_title_864009266\"\n\t\tclass=\"sc_title color_style_default sc_title_default\"><h5 class=\"sc_item_title sc_title_title sc_align_left sc_item_title_style_default sc_item_title_tag\">Kitchen installations<\/h5><\/div><!-- \/.sc_title --><div class=\"vc_empty_space  height_tiny\"   style=\"height: 32px\"><span class=\"vc_empty_space_inner\"><\/span><\/div>\n\t<div class=\"wpb_text_column wpb_content_element\" >\n\t\t<div class=\"wpb_wrapper\">\n\t\t\t<p>Precizn\u00ed mont\u00e1\u017ee kuchyn\u00ed pro ka\u017ed\u00fd prostor<\/p>\n\n\t\t<\/div>\n\t<\/div>\n<div class=\"vc_empty_space  height_small\"   style=\"height: 32px\"><span class=\"vc_empty_space_inner\"><\/span><\/div>\n\t<div class=\"wpb_text_column wpb_content_element\" >\n\t\t<div class=\"wpb_wrapper\">\n\t\t\t<p>Na\u0161e slu\u017eba mont\u00e1\u017ee kuchyn\u00ed zahrnuje v\u0161e od mont\u00e1\u017ee kuchy\u0148sk\u00fdch sk\u0159\u00edn\u00ed, spot\u0159ebi\u010d\u016f a\u017e po instalaci osv\u011btlen\u00ed a vodovodn\u00edch a elektroinstalac\u00ed. Na\u0161\u00ed prioritou je zajistit perfektn\u00ed funk\u010dnost a estetiku kuchyn\u011b, p\u0159i\u010dem\u017e klademe d\u016fraz na detaily, kvalitu a preciznost ka\u017ed\u00e9ho kroku. Pro ka\u017ed\u00e9ho klienta nab\u00edz\u00edme individu\u00e1ln\u00ed p\u0159\u00edstup a zaru\u010dujeme, \u017ee v\u00fdsledek bude odpov\u00eddat nejvy\u0161\u0161\u00edm standard\u016fm.<\/p>\n<p>N\u00e1\u0161 t\u00fdm odborn\u00edk\u016f m\u00e1 dlouholetou zku\u0161enost v oblasti mont\u00e1\u017ee kuchyn\u00ed, co\u017e n\u00e1m umo\u017e\u0148uje prov\u00e1d\u011bt rychl\u00e9 a efektivn\u00ed instalace. Bezpe\u010dnost p\u0159i pr\u00e1ci je pro n\u00e1s kl\u00ed\u010dov\u00e1, stejn\u011b jako minim\u00e1ln\u00ed z\u00e1sah do okoln\u00edho prostoru. Ka\u017ed\u00fd projekt je realizov\u00e1n tak, aby co nejv\u00edce vyhovoval va\u0161im pot\u0159eb\u00e1m a po\u017eadavk\u016fm, a to jak v soukrom\u00fdch dom\u00e1cnostech, tak v komer\u010dn\u00edch prostor\u00e1ch.<\/p>\n\n\t\t<\/div>\n\t<\/div>\n<div class=\"vc_empty_space  height_small\"   style=\"height: 50px\"><span class=\"vc_empty_space_inner\"><\/span><\/div><a href=\"\/en\/kontakt\/\" id=\"sc_button_563278504\" class=\"sc_button color_style_default sc_button_simple_line sc_button_size_normal sc_button_icon_left\"><span class=\"sc_button_text\"><span class=\"sc_button_title\">Enquiry<\/span><\/span><!-- \/.sc_button_text --><\/a><!-- \/.sc_button --><div class=\"vc_empty_space  height_small\"   style=\"height: 50px\"><span class=\"vc_empty_space_inner\"><\/span><\/div><\/div><\/div><\/div><\/div><div class=\"vc_row-full-width vc_clearfix\"><\/div><div data-vc-full-width=\"true\" data-vc-full-width-init=\"false\" data-vc-stretch-content=\"true\" class=\"vc_row wpb_row vc_row-fluid vc_column-gap-35 vc_row-o-equal-height vc_row-o-content-middle vc_row-flex\"><div class=\"wpb_column vc_column_container vc_col-sm-6 sc_layouts_column_icons_position_left\"><div class=\"vc_column-inner\"><div class=\"wpb_wrapper\"><div id=\"sc_title_84621281\"\n\t\tclass=\"sc_title color_style_default sc_title_default\"><h5 class=\"sc_item_title sc_title_title sc_align_left sc_item_title_style_default sc_item_title_tag\">Property development<\/h5><\/div><!-- \/.sc_title --><div class=\"vc_empty_space  height_tiny\"   style=\"height: 32px\"><span class=\"vc_empty_space_inner\"><\/span><\/div>\n\t<div class=\"wpb_text_column wpb_content_element\" >\n\t\t<div class=\"wpb_wrapper\">\n\t\t\t<p>Komplexn\u00ed realizace pro developersk\u00e9 projekty<\/p>\n\n\t\t<\/div>\n\t<\/div>\n<div class=\"vc_empty_space  height_small\"   style=\"height: 32px\"><span class=\"vc_empty_space_inner\"><\/span><\/div>\n\t<div class=\"wpb_text_column wpb_content_element\" >\n\t\t<div class=\"wpb_wrapper\">\n\t\t\t<p>Na\u0161e slu\u017eba developersk\u00fdch projekt\u016f pokr\u00fdv\u00e1 \u0161irokou \u0161k\u00e1lu stavebn\u00edch a mont\u00e1\u017en\u00edch prac\u00ed, kter\u00e9 zahrnuj\u00ed v\u0161e od p\u0159\u00edpravy pozemk\u016f, p\u0159es v\u00fdstavbu a\u017e po fin\u00e1ln\u00ed \u00fapravy interi\u00e9r\u016f. Ka\u017ed\u00fd projekt realizujeme s ohledem na vysok\u00e9 standardy kvality a efektivity. Zam\u011b\u0159ujeme se na precizn\u00ed pl\u00e1nov\u00e1n\u00ed, v\u010dasnou realizaci a dodr\u017een\u00ed v\u0161ech po\u017eadavk\u016f klienta, co\u017e n\u00e1m umo\u017e\u0148uje dosahovat optim\u00e1ln\u00edch v\u00fdsledk\u016f v term\u00ednu a s maxim\u00e1ln\u00ed spokojenost\u00ed v\u0161ech z\u00fa\u010dastn\u011bn\u00fdch.<\/p>\n<p>N\u00e1\u0161 zku\u0161en\u00fd t\u00fdm m\u00e1 dlouholet\u00e9 odborn\u00e9 znalosti a p\u0159\u00edstup k modern\u00edm technologi\u00edm, d\u00edky \u010demu\u017e dok\u00e1\u017eeme \u0159e\u0161it i slo\u017eit\u00e9 v\u00fdzvy b\u011bhem v\u00fdstavby. Ka\u017ed\u00fd developersk\u00fd projekt prov\u00e1d\u00edme s d\u016frazem na kvalitu, bezpe\u010dnost a efektivitu. Na\u0161\u00edm c\u00edlem je v\u017edy zajistit, aby ka\u017ed\u00fd projekt byl realizov\u00e1n v souladu s po\u017eadavky, rozpo\u010dtem a \u010dasov\u00fdm harmonogramem. Db\u00e1me na detail a vytv\u00e1\u0159\u00edme prost\u0159ed\u00ed, kter\u00e9 spl\u0148uje pot\u0159eby jak developer\u016f, tak budouc\u00edch u\u017eivatel\u016f.<\/p>\n\n\t\t<\/div>\n\t<\/div>\n<div class=\"vc_empty_space  height_small\"   style=\"height: 50px\"><span class=\"vc_empty_space_inner\"><\/span><\/div><a href=\"\/en\/kontakt\/\" id=\"sc_button_979584302\" class=\"sc_button color_style_default sc_button_simple_line sc_button_size_normal sc_button_icon_left\"><span class=\"sc_button_text\"><span class=\"sc_button_title\">Enquiry<\/span><\/span><!-- \/.sc_button_text --><\/a><!-- \/.sc_button --><div class=\"vc_empty_space  height_small\"   style=\"height: 50px\"><span class=\"vc_empty_space_inner\"><\/span><\/div><\/div><\/div><\/div><div class=\"wpb_column vc_column_container vc_col-sm-6 sc_layouts_column_icons_position_left\"><div class=\"vc_column-inner vc_custom_1737725732931\"><div class=\"wpb_wrapper\">\n\t<div  class=\"wpb_single_image wpb_content_element vc_align_right wpb_content_element\">\n\t\t\n\t\t<figure class=\"wpb_wrapper vc_figure\">\n\t\t\t<div class=\"vc_single_image-wrapper   vc_box_border_grey\"><img decoding=\"async\" class=\"vc_single_image-img lazyload\" data-src=\"https:\/\/stribrsky.eu\/wp-content\/uploads\/2025\/02\/small-new-build-house-2024-10-11-07-51-03-utc-2-Large-831x935.jpeg\" width=\"831\" height=\"935\" alt=\"small-new-build-house-2024-10-11-07-51-03-utc 2 (Large)\" title=\"small-new-build-house-2024-10-11-07-51-03-utc 2 (Large)\" src=\"data:image\/gif;base64,R0lGODlhAQABAAAAACH5BAEKAAEALAAAAAABAAEAAAICTAEAOw==\" style=\"--smush-placeholder-width: 831px; --smush-placeholder-aspect-ratio: 831\/935;\" \/><\/div>\n\t\t<\/figure>\n\t<\/div>\n<\/div><\/div><\/div><\/div><div class=\"vc_row-full-width vc_clearfix\"><\/div>\n<\/div>","protected":false},"excerpt":{"rendered":"HomeInstallation crew Installation crew Retailov\u00e9 mont\u00e1\u017ee Efektivn\u00ed mont\u00e1\u017ee pro va\u0161i prodejnu Nab\u00edz\u00edme profesion\u00e1ln\u00ed mont\u00e1\u017ee reg\u00e1lov\u00fdch syst\u00e9m\u016f, vitr\u00edn, osv\u011btlen\u00ed a dal\u0161\u00edch prvk\u016f pro komer\u010dn\u00ed prostory. Ka\u017ed\u00fd projekt prov\u00e1d\u00edme s d\u016frazem na funk\u010dnost, estetiku a rychlost realizace. Na\u0161\u00ed prioritou je zajistit, aby ka\u017ed\u00fd prvek byl spr\u00e1vn\u011b um\u00edst\u011bn, a t\u00edm p\u0159isp\u011bl k vytvo\u0159en\u00ed prostorem, kter\u00fd podporuje prodeje a zaujme z\u00e1kazn\u00edky. Na\u0161e mont\u00e1\u017ee jsou&hellip;","protected":false},"author":1,"featured_media":0,"parent":0,"menu_order":0,"comment_status":"closed","ping_status":"closed","template":"","meta":{"footnotes":""},"folder":[62],"class_list":["post-1223","page","type-page","status-publish","hentry"],"_links":{"self":[{"href":"https:\/\/stribrsky.eu\/en\/wp-json\/wp\/v2\/pages\/1223","targetHints":{"allow":["GET"]}}],"collection":[{"href":"https:\/\/stribrsky.eu\/en\/wp-json\/wp\/v2\/pages"}],"about":[{"href":"https:\/\/stribrsky.eu\/en\/wp-json\/wp\/v2\/types\/page"}],"author":[{"embeddable":true,"href":"https:\/\/stribrsky.eu\/en\/wp-json\/wp\/v2\/users\/1"}],"replies":[{"embeddable":true,"href":"https:\/\/stribrsky.eu\/en\/wp-json\/wp\/v2\/comments?post=1223"}],"version-history":[{"count":3,"href":"https:\/\/stribrsky.eu\/en\/wp-json\/wp\/v2\/pages\/1223\/revisions"}],"predecessor-version":[{"id":1240,"href":"https:\/\/stribrsky.eu\/en\/wp-json\/wp\/v2\/pages\/1223\/revisions\/1240"}],"wp:attachment":[{"href":"https:\/\/stribrsky.eu\/en\/wp-json\/wp\/v2\/media?parent=1223"}],"wp:term":[{"taxonomy":"folder","embeddable":true,"href":"https:\/\/stribrsky.eu\/en\/wp-json\/wp\/v2\/folder?post=1223"}],"curies":[{"name":"wp","href":"https:\/\/api.w.org\/{rel}","templated":true}]}}